{"id":121,"date":"2013-02-03T13:47:37","date_gmt":"2013-02-03T11:47:37","guid":{"rendered":"http:\/\/iimu.kapsi.fi\/limunropellukset\/?page_id=121"},"modified":"2013-02-03T15:22:04","modified_gmt":"2013-02-03T13:22:04","slug":"luokkien-arvonimet","status":"publish","type":"page","link":"http:\/\/iimu.kapsi.fi\/limunropellukset\/sample-page\/tyokaluja\/luokkien-arvonimet","title":{"rendered":"Luokkien Arvonimet"},"content":{"rendered":"<p>Temppeliritari:<\/p>\n<p>1 &#8211; Alttaripalvelija<br \/>\n2 &#8211; Adepti<br \/>\n3 &#8211; Saarnaaja<br \/>\n4 &#8211; Sielunhoitaja<br \/>\n5 &#8211; Kirkkoherra<br \/>\n6 &#8211; Vanhempi<br \/>\n7 &#8211; Piispa<br \/>\n8 &#8211; Laama<br \/>\n9+ &#8211; Patriarkka<\/p>\n<p>Magiank\u00e4ytt\u00e4j\u00e4<\/p>\n<p>1 &#8211; Meedio<br \/>\n2 &#8211; N\u00e4kij\u00e4<br \/>\n3 &#8211; Tiet\u00e4j\u00e4<br \/>\n4 &#8211; Maagikko<br \/>\n5 &#8211; Lumoaja<br \/>\n6 &#8211; Taikuri<br \/>\n7 &#8211; Noita<br \/>\n8 &#8211; Manaaja<br \/>\n9+ &#8211; Velho<\/p>\n<p>Haltija<\/p>\n<p>1 &#8211; Rintamamies-Meedio<br \/>\n2 &#8211; Soturi-N\u00e4kij\u00e4<br \/>\n3 &#8211; Miekkamestari-Tiet\u00e4j\u00e4<br \/>\n4 &#8211; Sankari-Maagikko<br \/>\n5 &#8211; Komentaja-Lumoaja<br \/>\n6 &#8211; K\u00e4skynhaltija-Taikuri<br \/>\n7 &#8211; Mestari-Noita<br \/>\n8 &#8211; Sotavaltias-Manaaja<br \/>\n9+ &#8211; Lordi-Velho<\/p>\n<p>Taistelija<\/p>\n<p>1 &#8211; Rintamamies<br \/>\n2 &#8211; Soturi<br \/>\n3 &#8211; Miekkamestari<br \/>\n4 &#8211; Sankari<br \/>\n5 &#8211; Komentaja<br \/>\n6 &#8211; K\u00e4skynhaltija<br \/>\n7 &#8211; Mestari<br \/>\n8 &#8211; Sotavaltias<br \/>\n9+ &#8211; Lordi<\/p>\n<p>K\u00e4\u00e4pi\u00f6<\/p>\n<p>1 &#8211; K\u00e4\u00e4pi\u00f6-Rintamamies<br \/>\n2 &#8211; K\u00e4\u00e4pi\u00f6-Soturi<br \/>\n3 &#8211; K\u00e4\u00e4pi\u00f6-Miekkamestari<br \/>\n4 &#8211; K\u00e4\u00e4pi\u00f6-Sankari<br \/>\n5 &#8211; K\u00e4\u00e4pi\u00f6-Komentaja<br \/>\n6 &#8211; K\u00e4\u00e4pi\u00f6-K\u00e4skynhaltija<br \/>\n7 &#8211; K\u00e4\u00e4pi\u00f6-Mestari<br \/>\n8 &#8211; K\u00e4\u00e4pi\u00f6-Sotavaltias<br \/>\n9+ &#8211; K\u00e4\u00e4pi\u00f6-Lordi<\/p>\n<p>Varas<\/p>\n<p>1 &#8211; Oppipoika<br \/>\n2 &#8211; Ruokavaras<br \/>\n3 &#8211; Ry\u00f6st\u00e4j\u00e4<br \/>\n4 &#8211; Murtovaras<br \/>\n5 &#8211; Taskuvaras<br \/>\n6 &#8211; Huijari<br \/>\n7 &#8211; N\u00e4pistelij\u00e4<br \/>\n8 &#8211; Voro<br \/>\n9+ &#8211; Mestarivaras<\/p>\n<p>Puolituinen<\/p>\n<p>1 &#8211; Puolituinen-Rintamamies<br \/>\n2 &#8211; Puolituinen-Soturi<br \/>\n3 &#8211; Puolituinen-Miekkamestari<br \/>\n4 &#8211; Puolituinen-Sankari<br \/>\n5 &#8211; Puolituinen-Komentaja<br \/>\n6 &#8211; Puolituinen-K\u00e4skynhaltija<br \/>\n7 &#8211; Puolituinen-Mestari<br \/>\n8 &#8211; Sheriffi<\/p>\n","protected":false},"excerpt":{"rendered":"<p>Temppeliritari: 1 &#8211; Alttaripalvelija 2 &#8211; Adepti 3 &#8211; Saarnaaja 4 &#8211; Sielunhoitaja 5 &#8211; Kirkkoherra 6 &#8211; Vanhempi 7 &#8211; Piispa 8 &#8211; Laama 9+ &#8211; Patriarkka Magiank\u00e4ytt\u00e4j\u00e4 1 &#8211; Meedio 2 &#8211; N\u00e4kij\u00e4 3 &#8211; Tiet\u00e4j\u00e4 4 &#8211; Maagikko 5 &#8211; Lumoaja 6 &#8211; Taikuri 7 &#8211; Noita 8 &#8211; Manaaja 9+ &#8211;&hellip; <a class=\"more-link\" href=\"http:\/\/iimu.kapsi.fi\/limunropellukset\/sample-page\/tyokaluja\/luokkien-arvonimet\">Continue reading <span class=\"screen-reader-text\">Luokkien Arvonimet<\/span><\/a><\/p>\n","protected":false},"author":1,"featured_media":0,"parent":56,"menu_order":0,"comment_status":"open","ping_status":"open","template":"","meta":[],"_links":{"self":[{"href":"http:\/\/iimu.kapsi.fi\/limunropellukset\/wp-json\/wp\/v2\/pages\/121"}],"collection":[{"href":"http:\/\/iimu.kapsi.fi\/limunropellukset\/wp-json\/wp\/v2\/pages"}],"about":[{"href":"http:\/\/iimu.kapsi.fi\/limunropellukset\/wp-json\/wp\/v2\/types\/page"}],"author":[{"embeddable":true,"href":"http:\/\/iimu.kapsi.fi\/limunropellukset\/wp-json\/wp\/v2\/users\/1"}],"replies":[{"embeddable":true,"href":"http:\/\/iimu.kapsi.fi\/limunropellukset\/wp-json\/wp\/v2\/comments?post=121"}],"version-history":[{"count":2,"href":"http:\/\/iimu.kapsi.fi\/limunropellukset\/wp-json\/wp\/v2\/pages\/121\/revisions"}],"predecessor-version":[{"id":124,"href":"http:\/\/iimu.kapsi.fi\/limunropellukset\/wp-json\/wp\/v2\/pages\/121\/revisions\/124"}],"up":[{"embeddable":true,"href":"http:\/\/iimu.kapsi.fi\/limunropellukset\/wp-json\/wp\/v2\/pages\/56"}],"wp:attachment":[{"href":"http:\/\/iimu.kapsi.fi\/limunropellukset\/wp-json\/wp\/v2\/media?parent=121"}],"curies":[{"name":"wp","href":"https:\/\/api.w.org\/{rel}","templated":true}]}}