{"id":160,"date":"2013-02-08T14:42:18","date_gmt":"2013-02-08T12:42:18","guid":{"rendered":"http:\/\/iimu.kapsi.fi\/limunropellukset\/?page_id=160"},"modified":"2014-11-03T11:34:47","modified_gmt":"2014-11-03T09:34:47","slug":"ensimmainen-luku","status":"publish","type":"page","link":"http:\/\/iimu.kapsi.fi\/limunropellukset\/sample-page\/tuomion-luolaston-kronikat\/ensimmainen-luku","title":{"rendered":"Ensimm\u00e4inen luku"},"content":{"rendered":"<p>TUOMION LUOLASTON KRONIKAT: ENSIMM\u00c4INEN LUKU<br \/>\n<a href=\"http:\/\/iimu.kapsi.fi\/limunropellukset\/wp-content\/uploads\/2013\/02\/Russel_Cave_Entrance_RUCA9323.jpg\"><img decoding=\"async\" loading=\"lazy\" src=\"http:\/\/iimu.kapsi.fi\/limunropellukset\/wp-content\/uploads\/2013\/02\/Russel_Cave_Entrance_RUCA9323-300x195.jpg\" alt=\"Russel_Cave_Entrance_RUCA9323\" width=\"300\" height=\"195\" class=\"alignnone size-medium wp-image-242\" srcset=\"http:\/\/iimu.kapsi.fi\/limunropellukset\/wp-content\/uploads\/2013\/02\/Russel_Cave_Entrance_RUCA9323-300x195.jpg 300w, http:\/\/iimu.kapsi.fi\/limunropellukset\/wp-content\/uploads\/2013\/02\/Russel_Cave_Entrance_RUCA9323-460x300.jpg 460w, http:\/\/iimu.kapsi.fi\/limunropellukset\/wp-content\/uploads\/2013\/02\/Russel_Cave_Entrance_RUCA9323.jpg 892w\" sizes=\"(max-width: 300px) 100vw, 300px\" \/><\/a><\/p>\n<p>Ne fragmentit joita ensimm\u00e4isest\u00e4 Tuomion Luolaston kirjasta ovat j\u00e4ljell\u00e4 kertovat seuraavaa:<\/p>\n<p>Tarinamme alkaa vaatimattomasta GreenVillen kyl\u00e4st\u00e4, johon pahaa aavistamattomat sankarimme saapuivat. Kyl\u00e4n Majatalon is\u00e4nt\u00e4\u00e4 oli kohdannut suuri onnettomuus, h\u00e4nen poikansa, joka oli l\u00e4htenyt hulluksissaan tutkimaan l\u00e4heist\u00e4 luolaa aarteiden toivossa, ei ollut palannut. Ja niin sankarimme lupasivat auttaa h\u00e4d\u00e4ss\u00e4 ollutta majatalon is\u00e4nt\u00e4\u00e4. T\u00e4m\u00e4n pojat Jouni ja Kalle lupautuivat l\u00e4hte\u00e4 matkaan auttaamaan veljens\u00e4 etsimisess\u00e4.<\/p>\n<p><a href=\"http:\/\/iimu.kapsi.fi\/limunropellukset\/wp-content\/uploads\/2013\/02\/greenville.jpg\"><img decoding=\"async\" loading=\"lazy\" src=\"http:\/\/iimu.kapsi.fi\/limunropellukset\/wp-content\/uploads\/2013\/02\/greenville-300x242.jpg\" alt=\"greenville\" width=\"300\" height=\"242\" class=\"alignnone size-medium wp-image-247\" srcset=\"http:\/\/iimu.kapsi.fi\/limunropellukset\/wp-content\/uploads\/2013\/02\/greenville-300x242.jpg 300w, http:\/\/iimu.kapsi.fi\/limunropellukset\/wp-content\/uploads\/2013\/02\/greenville-371x300.jpg 371w, http:\/\/iimu.kapsi.fi\/limunropellukset\/wp-content\/uploads\/2013\/02\/greenville.jpg 999w\" sizes=\"(max-width: 300px) 100vw, 300px\" \/><\/a><\/p>\n<p><a href=\"http:\/\/iimu.kapsi.fi\/limunropellukset\/wp-content\/uploads\/2013\/02\/Wirt-Mit-Pfeife-The-Content-Innkeeper.jpg\"><img decoding=\"async\" loading=\"lazy\" src=\"http:\/\/iimu.kapsi.fi\/limunropellukset\/wp-content\/uploads\/2013\/02\/Wirt-Mit-Pfeife-The-Content-Innkeeper-220x300.jpg\" alt=\"Wirt-Mit-Pfeife-The-Content-Innkeeper\" width=\"220\" height=\"300\" class=\"alignnone size-medium wp-image-248\" srcset=\"http:\/\/iimu.kapsi.fi\/limunropellukset\/wp-content\/uploads\/2013\/02\/Wirt-Mit-Pfeife-The-Content-Innkeeper-220x300.jpg 220w, http:\/\/iimu.kapsi.fi\/limunropellukset\/wp-content\/uploads\/2013\/02\/Wirt-Mit-Pfeife-The-Content-Innkeeper.jpg 440w\" sizes=\"(max-width: 220px) 100vw, 220px\" \/><\/a><\/p>\n<p>Seikkailijamme p\u00e4\u00e4siv\u00e4tkin luolaan ja heit\u00e4 ensimm\u00e4isen\u00e4 tervehti valtava lauma lepakoita, joiden seurassa oli yksi valtava j\u00e4ttil\u00e4islepakko. Ensimm\u00e4isest\u00e4 vastuksesta selvitty\u00e4\u00e4n seikkailijamme l\u00f6ysiv\u00e4t mystisen ruumiin joka oli makasi kuolleena arkun p\u00e4\u00e4ll\u00e4. Miehess\u00e4 oli kiinni useita suuria tuhatjalkaisia, jotka osoittautuivat myrkyllisiksi. N\u00e4ist\u00e4 selvitty\u00e4\u00e4n ja arkkua tutkittuaan, sielt\u00e4 l\u00f6ytyi eriskummallinen valtavan paivan pienoismalli katapultista ja joitakin ammuksia.  <\/p>\n<p>Eteenp\u00e4in ment\u00e4ess\u00e4 vastaan tuli muutama h\u00e4m\u00e4h\u00e4kki, jotka p\u00e4\u00e4tettiin ohittaa. Pimeydest\u00e4 oli hiipinyt on kauhea kammotus, tarkemmin useampi ep\u00e4kuollut hirvi\u00f6, joiden kosketus tuntui j\u00e4hmett\u00e4v\u00e4n kenet tahansa. Ter\u00e4vill\u00e4 kynsill\u00e4\u00e4n ne ilmeisesti hetkess\u00e4 raatelivat koko ryhm\u00e4n kuoliaaksi.<\/p>\n<p>N\u00e4in oli Tuomion Luolaston tarina saanut alkunsa.<\/p>\n<p><a href=\"http:\/\/iimu.kapsi.fi\/limunropellukset\/wp-content\/uploads\/2013\/02\/Zeniscen-kartta.jpg\"><img decoding=\"async\" loading=\"lazy\" src=\"http:\/\/iimu.kapsi.fi\/limunropellukset\/wp-content\/uploads\/2013\/02\/Zeniscen-kartta-300x300.jpg\" alt=\"Zeniscen kartta\" width=\"300\" height=\"300\" class=\"alignnone size-medium wp-image-243\" srcset=\"http:\/\/iimu.kapsi.fi\/limunropellukset\/wp-content\/uploads\/2013\/02\/Zeniscen-kartta-300x300.jpg 300w, http:\/\/iimu.kapsi.fi\/limunropellukset\/wp-content\/uploads\/2013\/02\/Zeniscen-kartta-150x150.jpg 150w, http:\/\/iimu.kapsi.fi\/limunropellukset\/wp-content\/uploads\/2013\/02\/Zeniscen-kartta.jpg 512w\" sizes=\"(max-width: 300px) 100vw, 300px\" \/><\/a><\/p>\n<p><a href=\"http:\/\/iimu.kapsi.fi\/limunropellukset\/wp-content\/uploads\/2013\/02\/arkku-e.jpg\"><img decoding=\"async\" loading=\"lazy\" src=\"http:\/\/iimu.kapsi.fi\/limunropellukset\/wp-content\/uploads\/2013\/02\/arkku-e-300x190.jpg\" alt=\"arkku-e\" width=\"300\" height=\"190\" class=\"alignnone size-medium wp-image-249\" srcset=\"http:\/\/iimu.kapsi.fi\/limunropellukset\/wp-content\/uploads\/2013\/02\/arkku-e-300x190.jpg 300w, http:\/\/iimu.kapsi.fi\/limunropellukset\/wp-content\/uploads\/2013\/02\/arkku-e-472x300.jpg 472w, http:\/\/iimu.kapsi.fi\/limunropellukset\/wp-content\/uploads\/2013\/02\/arkku-e.jpg 520w\" sizes=\"(max-width: 300px) 100vw, 300px\" \/><\/a><\/p>\n<p><a href=\"http:\/\/iimu.kapsi.fi\/limunropellukset\/wp-content\/uploads\/2013\/02\/unussmap.jpg\"><img decoding=\"async\" loading=\"lazy\" src=\"http:\/\/iimu.kapsi.fi\/limunropellukset\/wp-content\/uploads\/2013\/02\/unussmap-300x300.jpg\" alt=\"unussmap\" width=\"300\" height=\"300\" class=\"alignnone size-medium wp-image-244\" srcset=\"http:\/\/iimu.kapsi.fi\/limunropellukset\/wp-content\/uploads\/2013\/02\/unussmap-300x300.jpg 300w, http:\/\/iimu.kapsi.fi\/limunropellukset\/wp-content\/uploads\/2013\/02\/unussmap-150x150.jpg 150w, http:\/\/iimu.kapsi.fi\/limunropellukset\/wp-content\/uploads\/2013\/02\/unussmap.jpg 512w\" sizes=\"(max-width: 300px) 100vw, 300px\" \/><\/a><\/p>\n<blockquote><p>Heti luolalle tultuamme, kimppuumme hy\u00f6kk\u00e4si erikoisia lent\u00e4vi\u00e4 olentoja. Pitkill\u00e4 ter\u00e4vill\u00e4 nokillaan ne imiv\u00e4t verta uhreistaan kiinnitytty\u00e4\u00e4n ensin heihin. Moni kuoli taistelussa, mutta jatkoimme eteenp\u00e4in p\u00e4ihitetty\u00e4mme nuo pahuuden olennot.<\/p><\/blockquote>\n<p><a href=\"http:\/\/iimu.kapsi.fi\/limunropellukset\/wp-content\/uploads\/2013\/02\/unussin-kartta-2.gif\"><img decoding=\"async\" loading=\"lazy\" src=\"http:\/\/iimu.kapsi.fi\/limunropellukset\/wp-content\/uploads\/2013\/02\/unussin-kartta-2-251x300.gif\" alt=\"unussin kartta 2\" width=\"251\" height=\"300\" class=\"alignnone size-medium wp-image-245\" \/><\/a><\/p>\n<blockquote><p>KAIKKI OVAT KUOLLEET! KAIKKI OVAT KUOLLEE&#8230;<\/p><\/blockquote>\n<p><a href=\"http:\/\/iimu.kapsi.fi\/limunropellukset\/wp-content\/uploads\/2013\/02\/unussin-kartta-2-2.gif\"><img decoding=\"async\" loading=\"lazy\" src=\"http:\/\/iimu.kapsi.fi\/limunropellukset\/wp-content\/uploads\/2013\/02\/unussin-kartta-2-2-251x300.gif\" alt=\"unussin kartta 2 (2)\" width=\"251\" height=\"300\" class=\"alignnone size-medium wp-image-246\" \/><\/a><\/p>\n","protected":false},"excerpt":{"rendered":"<p>TUOMION LUOLASTON KRONIKAT: ENSIMM\u00c4INEN LUKU Ne fragmentit joita ensimm\u00e4isest\u00e4 Tuomion Luolaston kirjasta ovat j\u00e4ljell\u00e4 kertovat seuraavaa: Tarinamme alkaa vaatimattomasta GreenVillen kyl\u00e4st\u00e4, johon pahaa aavistamattomat sankarimme saapuivat. Kyl\u00e4n Majatalon is\u00e4nt\u00e4\u00e4 oli kohdannut suuri onnettomuus, h\u00e4nen poikansa, joka oli l\u00e4htenyt hulluksissaan tutkimaan l\u00e4heist\u00e4 luolaa aarteiden toivossa, ei ollut palannut. Ja niin sankarimme lupasivat auttaa h\u00e4d\u00e4ss\u00e4 ollutta majatalon&hellip; <a class=\"more-link\" href=\"http:\/\/iimu.kapsi.fi\/limunropellukset\/sample-page\/tuomion-luolaston-kronikat\/ensimmainen-luku\">Continue reading <span class=\"screen-reader-text\">Ensimm\u00e4inen luku<\/span><\/a><\/p>\n","protected":false},"author":1,"featured_media":0,"parent":158,"menu_order":1,"comment_status":"open","ping_status":"open","template":"","meta":[],"_links":{"self":[{"href":"http:\/\/iimu.kapsi.fi\/limunropellukset\/wp-json\/wp\/v2\/pages\/160"}],"collection":[{"href":"http:\/\/iimu.kapsi.fi\/limunropellukset\/wp-json\/wp\/v2\/pages"}],"about":[{"href":"http:\/\/iimu.kapsi.fi\/limunropellukset\/wp-json\/wp\/v2\/types\/page"}],"author":[{"embeddable":true,"href":"http:\/\/iimu.kapsi.fi\/limunropellukset\/wp-json\/wp\/v2\/users\/1"}],"replies":[{"embeddable":true,"href":"http:\/\/iimu.kapsi.fi\/limunropellukset\/wp-json\/wp\/v2\/comments?post=160"}],"version-history":[{"count":11,"href":"http:\/\/iimu.kapsi.fi\/limunropellukset\/wp-json\/wp\/v2\/pages\/160\/revisions"}],"predecessor-version":[{"id":2967,"href":"http:\/\/iimu.kapsi.fi\/limunropellukset\/wp-json\/wp\/v2\/pages\/160\/revisions\/2967"}],"up":[{"embeddable":true,"href":"http:\/\/iimu.kapsi.fi\/limunropellukset\/wp-json\/wp\/v2\/pages\/158"}],"wp:attachment":[{"href":"http:\/\/iimu.kapsi.fi\/limunropellukset\/wp-json\/wp\/v2\/media?parent=160"}],"curies":[{"name":"wp","href":"https:\/\/api.w.org\/{rel}","templated":true}]}}