{"id":178,"date":"2013-02-08T15:12:57","date_gmt":"2013-02-08T13:12:57","guid":{"rendered":"http:\/\/iimu.kapsi.fi\/limunropellukset\/?page_id=178"},"modified":"2013-02-08T15:15:50","modified_gmt":"2013-02-08T13:15:50","slug":"eemeli-ankantahto","status":"publish","type":"page","link":"http:\/\/iimu.kapsi.fi\/limunropellukset\/sample-page\/muistoissamme\/eemeli-ankantahto","title":{"rendered":"Eemeli Ankantahto"},"content":{"rendered":"<blockquote><p>Class: Thief<br \/>\nAlignment: Neutral<br \/>\nTitle: Oppipoika<\/p>\n<p>THAC0: 19<br \/>\nDaMaGes:<br \/>\nBow 1D6 70\/140\/210<br \/>\nShort sword 1D6<\/p>\n<p>Level: 1<br \/>\nXp:\u00a0<br \/>\nBonus\/penalty:<br \/>\nNext lvl: 1200<\/p>\n<p>AC: 7<br \/>\nHitpoints: 3\/3<\/p>\n<p>Encumbarance: 120\/40\/120<br \/>\n\u00a0<br \/>\nSTR: \u00a06 \u00a0 [-1]<br \/>\nINT: \u00a08 [-1]<br \/>\nWIS: \u00a08 \u00a0[-1]<br \/>\nDEX: \u00a010 \u00a0[X]<br \/>\nCON: \u00a07 \u00a0[X]<br \/>\nCHA: \u00a013 \u00a0[+1]<\/p>\n<p>Savingthrows:<br \/>\nPoison &#038; Death ray: 13<br \/>\nMagic Wand: 14<br \/>\nTurn to stone &#038; Paralysis: 13<br \/>\nDragon breath: 16<br \/>\nSpells &#038; Magic Staff: 15 (-1)<\/p>\n<p>Languages: common, neutral<\/p>\n<p>Skills &#038; Spells:<br \/>\nOpen locks 15%<br \/>\nFind traps 10%<br \/>\nRemove traps 10%<br \/>\nClimb walls 87%<br \/>\nMove silently 20%<br \/>\nHide in shadows 10%<br \/>\nPick pockets 20%<br \/>\nHear noise 1-2<\/p>\n<p>Magic Items:<\/p>\n<p>Normal Items:<br \/>\nLong bow &#8220;k\u00e4dess\u00e4&#8221;<br \/>\nArrows 33\/36 &#8220;Viiniss\u00e4&#8221;<br \/>\nSilver-tipper arrow<br \/>\nShort sword &#8220;vy\u00f6ll\u00e4&#8221;<br \/>\nLeather armor &#8220;p\u00e4\u00e4ll\u00e4&#8221;<br \/>\nBackpack &#8220;sel\u00e4ss\u00e4&#8221;<br \/>\n1x flask of oil &#8220;repussa&#8221;<br \/>\nSpikes and small hammer &#8220;repussa&#8221;<br \/>\nThieves&#8217;s tools &#8220;repussa&#8221;<br \/>\nTinder box &#8220;repussa&#8221;<\/p>\n<p>4 Rations 114<\/p>\n<p>Total weight: 375<br \/>\nrationeiden kanssa 479<br \/>\nOther Notes:<\/p>\n<p>Money &#038; Tresure<br \/>\nTotal value:<br \/>\nPP:<br \/>\nGP: 6<br \/>\nEP:<br \/>\nSP:<br \/>\nCP: 50<\/p>\n<p>Gems:\n<\/p><\/blockquote>\n","protected":false},"excerpt":{"rendered":"<p>Class: Thief Alignment: Neutral Title: Oppipoika THAC0: 19 DaMaGes: Bow 1D6 70\/140\/210 Short sword 1D6 Level: 1 Xp:\u00a0 Bonus\/penalty: Next lvl: 1200 AC: 7 Hitpoints: 3\/3 Encumbarance: 120\/40\/120 \u00a0 STR: \u00a06 \u00a0 [-1] INT: \u00a08 [-1] WIS: \u00a08 \u00a0[-1] DEX: \u00a010 \u00a0[X] CON: \u00a07 \u00a0[X] CHA: \u00a013 \u00a0[+1] Savingthrows: Poison &#038; Death ray: 13 Magic&hellip; <a class=\"more-link\" href=\"http:\/\/iimu.kapsi.fi\/limunropellukset\/sample-page\/muistoissamme\/eemeli-ankantahto\">Continue reading <span class=\"screen-reader-text\">Eemeli Ankantahto<\/span><\/a><\/p>\n","protected":false},"author":1,"featured_media":0,"parent":164,"menu_order":0,"comment_status":"open","ping_status":"open","template":"","meta":[],"_links":{"self":[{"href":"http:\/\/iimu.kapsi.fi\/limunropellukset\/wp-json\/wp\/v2\/pages\/178"}],"collection":[{"href":"http:\/\/iimu.kapsi.fi\/limunropellukset\/wp-json\/wp\/v2\/pages"}],"about":[{"href":"http:\/\/iimu.kapsi.fi\/limunropellukset\/wp-json\/wp\/v2\/types\/page"}],"author":[{"embeddable":true,"href":"http:\/\/iimu.kapsi.fi\/limunropellukset\/wp-json\/wp\/v2\/users\/1"}],"replies":[{"embeddable":true,"href":"http:\/\/iimu.kapsi.fi\/limunropellukset\/wp-json\/wp\/v2\/comments?post=178"}],"version-history":[{"count":2,"href":"http:\/\/iimu.kapsi.fi\/limunropellukset\/wp-json\/wp\/v2\/pages\/178\/revisions"}],"predecessor-version":[{"id":192,"href":"http:\/\/iimu.kapsi.fi\/limunropellukset\/wp-json\/wp\/v2\/pages\/178\/revisions\/192"}],"up":[{"embeddable":true,"href":"http:\/\/iimu.kapsi.fi\/limunropellukset\/wp-json\/wp\/v2\/pages\/164"}],"wp:attachment":[{"href":"http:\/\/iimu.kapsi.fi\/limunropellukset\/wp-json\/wp\/v2\/media?parent=178"}],"curies":[{"name":"wp","href":"https:\/\/api.w.org\/{rel}","templated":true}]}}