{"id":182,"date":"2013-02-08T15:13:45","date_gmt":"2013-02-08T13:13:45","guid":{"rendered":"http:\/\/iimu.kapsi.fi\/limunropellukset\/?page_id=182"},"modified":"2013-02-08T15:13:45","modified_gmt":"2013-02-08T13:13:45","slug":"eniglae-icaclii","status":"publish","type":"page","link":"http:\/\/iimu.kapsi.fi\/limunropellukset\/sample-page\/muistoissamme\/eniglae-icaclii","title":{"rendered":"Eniglae Icaclii"},"content":{"rendered":"<blockquote><p>Class: Fighter<br \/>\nAlignment: Neutral<\/p>\n<p>THAC0:<br \/>\nMove: 20&#8242;(60&#8242;)<br \/>\nWeapon Damage: 1d8+1<br \/>\nWeapon Range:<\/p>\n<p>Level: 2<br \/>\nXp: 2762<br \/>\nBonus\/penalty: +5%<br \/>\nNext lvl: 4000<\/p>\n<p>AC: 2<br \/>\nHitpoints: 7<\/p>\n<p>STR: 13 [ +1_ to hit&#038;damage]<br \/>\nINT: 9 [ 0_ languages]<br \/>\nWIS: 7 [ -1_ save vs. spells]<br \/>\nDEX: 10 [ 0_ AC]<br \/>\nCON: 17 [ +2_ hp]<br \/>\nCHA: 12 [ 0_ reaction]<\/p>\n<p>Savingthrows:<br \/>\nPoison &#038; Death ray: 12<br \/>\nMagic Wand: 13<br \/>\nTurn to stone &#038; Paralysis: 14<br \/>\nDragon breath: 15<br \/>\nSpells &#038; Magic Staff: 16<\/p>\n<p>Languages:<\/p>\n<p>Skills &#038; Spells:<\/p>\n<p>Magic Items:<\/p>\n<p>Normal Items:<br \/>\n(Paino [cn] ja s\u00e4ilytyspaikka)<\/p>\n<p>P\u00e4\u00e4ll\u00e4:<br \/>\nNormal Sword 60cn<br \/>\nShield 100cn<br \/>\nPlate Mail of protection + 1, 350cn (Haltioiden puita kuvaavilla kuvilla koristeltu)<br \/>\nRing of protection +1 (Hullun taikurin sormus jossa taikakirjoitusta) 0cn<\/p>\n<p>Haarniskan sis\u00e4ll\u00e4:<br \/>\n2 x kartta<br \/>\nRahat<\/p>\n<p>Vy\u00f6ll\u00e4:<\/p>\n<p>Repussa:<br \/>\nEncumbrance 350cn<\/p>\n<p>Total weight: cn<br \/>\nEncumbrance:<\/p>\n<p>Other Notes:<\/p>\n<p>Money &#038; Tresure<br \/>\nTotal value:<br \/>\nPP:<br \/>\nGP:<br \/>\nEP:<br \/>\nSP:<br \/>\nCP:<\/p>\n<p>Gems:<\/p>\n<p>Tuomion luolaston nuotiolla:<\/p>\n<p>Omaisuutta Greenwillen majatalossa:<br \/>\nPP:<br \/>\nGP: 650<br \/>\nEP: 506<br \/>\nSP:<br \/>\nCP:<\/p><\/blockquote>\n","protected":false},"excerpt":{"rendered":"<p>Class: Fighter Alignment: Neutral THAC0: Move: 20&#8242;(60&#8242;) Weapon Damage: 1d8+1 Weapon Range: Level: 2 Xp: 2762 Bonus\/penalty: +5% Next lvl: 4000 AC: 2 Hitpoints: 7 STR: 13 [ +1_ to hit&#038;damage] INT: 9 [ 0_ languages] WIS: 7 [ -1_ save vs. spells] DEX: 10 [ 0_ AC] CON: 17 [ +2_ hp] CHA: 12&hellip; <a class=\"more-link\" href=\"http:\/\/iimu.kapsi.fi\/limunropellukset\/sample-page\/muistoissamme\/eniglae-icaclii\">Continue reading <span class=\"screen-reader-text\">Eniglae Icaclii<\/span><\/a><\/p>\n","protected":false},"author":1,"featured_media":0,"parent":164,"menu_order":0,"comment_status":"open","ping_status":"open","template":"","meta":[],"_links":{"self":[{"href":"http:\/\/iimu.kapsi.fi\/limunropellukset\/wp-json\/wp\/v2\/pages\/182"}],"collection":[{"href":"http:\/\/iimu.kapsi.fi\/limunropellukset\/wp-json\/wp\/v2\/pages"}],"about":[{"href":"http:\/\/iimu.kapsi.fi\/limunropellukset\/wp-json\/wp\/v2\/types\/page"}],"author":[{"embeddable":true,"href":"http:\/\/iimu.kapsi.fi\/limunropellukset\/wp-json\/wp\/v2\/users\/1"}],"replies":[{"embeddable":true,"href":"http:\/\/iimu.kapsi.fi\/limunropellukset\/wp-json\/wp\/v2\/comments?post=182"}],"version-history":[{"count":1,"href":"http:\/\/iimu.kapsi.fi\/limunropellukset\/wp-json\/wp\/v2\/pages\/182\/revisions"}],"predecessor-version":[{"id":183,"href":"http:\/\/iimu.kapsi.fi\/limunropellukset\/wp-json\/wp\/v2\/pages\/182\/revisions\/183"}],"up":[{"embeddable":true,"href":"http:\/\/iimu.kapsi.fi\/limunropellukset\/wp-json\/wp\/v2\/pages\/164"}],"wp:attachment":[{"href":"http:\/\/iimu.kapsi.fi\/limunropellukset\/wp-json\/wp\/v2\/media?parent=182"}],"curies":[{"name":"wp","href":"https:\/\/api.w.org\/{rel}","templated":true}]}}