{"id":184,"date":"2013-02-08T15:14:11","date_gmt":"2013-02-08T13:14:11","guid":{"rendered":"http:\/\/iimu.kapsi.fi\/limunropellukset\/?page_id=184"},"modified":"2013-02-08T15:14:11","modified_gmt":"2013-02-08T13:14:11","slug":"epi-ayauc","status":"publish","type":"page","link":"http:\/\/iimu.kapsi.fi\/limunropellukset\/sample-page\/muistoissamme\/epi-ayauc","title":{"rendered":"Epi Ayauc"},"content":{"rendered":"<blockquote><p>Class: Mystic<br \/>\nAlignment: Neutral<\/p>\n<p>THAC0:<br \/>\nMove: &#8216;(&#8216;) 120 \/ 40<br \/>\nWeapon Damage:<br \/>\nWeapon Range:<\/p>\n<p>Level: 1<br \/>\nXp:<br \/>\nBonus\/penalty: &#8211;<br \/>\nNext lvl: 2000<\/p>\n<p>AC: 8<br \/>\nHitpoints: 7<\/p>\n<p>STR:\u00a0 [10 _ to hit&#038;damage]<br \/>\nINT:\u00a0 [9 _ languages]<br \/>\nWIS:\u00a0 [14 +1_save vs. spells]<br \/>\nDEX:\u00a0 [13 +1_ AC]<br \/>\nCON:\u00a0 [15 +1_ hp]<br \/>\nCHA:\u00a0 [ 10_ reaction]<\/p>\n<p>Savingthrows:<br \/>\nPoison &#038; Death ray: 12<br \/>\nMagic Wand: 13<br \/>\nTurn to stone &#038; Paralysis: 14<br \/>\nDragon breath: 15<br \/>\nSpells &#038; Magic Staff: 15<\/p>\n<p>Languages:<\/p>\n<p>Skills &#038; Spells:<\/p>\n<p>Magic Items:<\/p>\n<p>Normal Items:<br \/>\n(Paino [cn] ja s\u00e4ilytyspaikka)<\/p>\n<p>P\u00e4\u00e4ll\u00e4:<br \/>\nPike 80cn \/ 3gp<br \/>\nBlowgun 2 ft + (range 20\/25\/30) 15cn \/ 6gp<\/p>\n<p>Vy\u00f6ll\u00e4:<br \/>\n4 x tappava hermomyrkky<br \/>\nSpikes and small hammer 70cn \/ 3gp<br \/>\nMirror 5cn \/ 5gp<\/p>\n<p>Repussa:<br \/>\nBackpack 20cn \/ 5gp<br \/>\n2 x small sack 2cn \/ 2gp<br \/>\nWineskin 30cn \/ 1gp<br \/>\n10 x flask of oil 100cn \/ 20gp<br \/>\n50 ft rope 50cn \/ 1gp<br \/>\nIron rations 70cn \/ 15gp<br \/>\nLantern 30cn \/ 10gp<br \/>\nHoly water 1cn \/ 25gp<br \/>\nWolfsbane 1cn \/ 10gp<\/p>\n<p>Total weight:<br \/>\nEncumbrance: 474cn<\/p>\n<p>Other Notes:<\/p>\n<p>Money &#038; Tresure<br \/>\nTotal value:<br \/>\nPP:<br \/>\nGP: 4<br \/>\nEP:<br \/>\nSP: 10<br \/>\nCP:<\/p>\n<p>Gems:<\/p>\n<p>Osaa uida!<br \/>\nMunchkinin seuraaja<\/p>\n<p>Omaisuutta muualla:<br \/>\nPP:<br \/>\nGP:<br \/>\nEP:<br \/>\nSP:<br \/>\nCP: <\/p><\/blockquote>\n","protected":false},"excerpt":{"rendered":"<p>Class: Mystic Alignment: Neutral THAC0: Move: &#8216;(&#8216;) 120 \/ 40 Weapon Damage: Weapon Range: Level: 1 Xp: Bonus\/penalty: &#8211; Next lvl: 2000 AC: 8 Hitpoints: 7 STR:\u00a0 [10 _ to hit&#038;damage] INT:\u00a0 [9 _ languages] WIS:\u00a0 [14 +1_save vs. spells] DEX:\u00a0 [13 +1_ AC] CON:\u00a0 [15 +1_ hp] CHA:\u00a0 [ 10_ reaction] Savingthrows: Poison &#038;&hellip; <a class=\"more-link\" href=\"http:\/\/iimu.kapsi.fi\/limunropellukset\/sample-page\/muistoissamme\/epi-ayauc\">Continue reading <span class=\"screen-reader-text\">Epi Ayauc<\/span><\/a><\/p>\n","protected":false},"author":1,"featured_media":0,"parent":164,"menu_order":0,"comment_status":"open","ping_status":"open","template":"","meta":[],"_links":{"self":[{"href":"http:\/\/iimu.kapsi.fi\/limunropellukset\/wp-json\/wp\/v2\/pages\/184"}],"collection":[{"href":"http:\/\/iimu.kapsi.fi\/limunropellukset\/wp-json\/wp\/v2\/pages"}],"about":[{"href":"http:\/\/iimu.kapsi.fi\/limunropellukset\/wp-json\/wp\/v2\/types\/page"}],"author":[{"embeddable":true,"href":"http:\/\/iimu.kapsi.fi\/limunropellukset\/wp-json\/wp\/v2\/users\/1"}],"replies":[{"embeddable":true,"href":"http:\/\/iimu.kapsi.fi\/limunropellukset\/wp-json\/wp\/v2\/comments?post=184"}],"version-history":[{"count":1,"href":"http:\/\/iimu.kapsi.fi\/limunropellukset\/wp-json\/wp\/v2\/pages\/184\/revisions"}],"predecessor-version":[{"id":185,"href":"http:\/\/iimu.kapsi.fi\/limunropellukset\/wp-json\/wp\/v2\/pages\/184\/revisions\/185"}],"up":[{"embeddable":true,"href":"http:\/\/iimu.kapsi.fi\/limunropellukset\/wp-json\/wp\/v2\/pages\/164"}],"wp:attachment":[{"href":"http:\/\/iimu.kapsi.fi\/limunropellukset\/wp-json\/wp\/v2\/media?parent=184"}],"curies":[{"name":"wp","href":"https:\/\/api.w.org\/{rel}","templated":true}]}}