{"id":190,"date":"2013-02-08T15:15:35","date_gmt":"2013-02-08T13:15:35","guid":{"rendered":"http:\/\/iimu.kapsi.fi\/limunropellukset\/?page_id=190"},"modified":"2013-02-08T15:15:35","modified_gmt":"2013-02-08T13:15:35","slug":"horse","status":"publish","type":"page","link":"http:\/\/iimu.kapsi.fi\/limunropellukset\/sample-page\/muistoissamme\/horse","title":{"rendered":"HORSE"},"content":{"rendered":"<blockquote><p>Class: Dwarf<br \/>\nAlignment: Lawful<\/p>\n<p>THAC0: 19<br \/>\nMove: 60\/20\/60<br \/>\nWeapon: NOrmal sword !D&#038;<br \/>\nHandaxe 1D6<br \/>\nWeapon Range: 10\/20\/30<\/p>\n<p>Level: 1<br \/>\nXp:<br \/>\nBonus\/penalty: 0<br \/>\nNext lvl: 2200<\/p>\n<p>AC: 2<br \/>\nHitpoints: 4\/4<\/p>\n<p>STR:\u00a0\u00a0 9 [_ to hit&#038;damage]<br \/>\nINT:\u00a0\u00a0 6 [_ languages]<br \/>\nWIS:\u00a0\u00a0 10 [_ save vs. spells]<br \/>\nDEX:\u00a0 10\u00a0 [_ AC]<br \/>\nCON:\u00a0\u00a0 14 [_ hp]<br \/>\nCHA:\u00a0 7\u00a0 [_ reaction]<\/p>\n<p>Savingthrows:<br \/>\nPoison &#038; Death ray: 8<br \/>\nMagic Wand: 9<br \/>\nTurn to stone &#038; Paralysis: 10<br \/>\nDragon breath: 13<br \/>\nSpells &#038; Magic Staff: 12<\/p>\n<p>Languages:<\/p>\n<p>Skills &#038; Spells:<\/p>\n<p>Magic Items:<\/p>\n<p>Normal Items:<br \/>\n10 x handaxe (vy\u00f6ll\u00e4)<br \/>\nNorman sword (k\u00e4jess\u00e4 tai huotrassa)<br \/>\nPlatemail (p\u00e4\u00e4ll\u00e4)<br \/>\nShield (K\u00e4jess\u00e4)<br \/>\nBackpack (sel\u00e4ss\u00e4)<br \/>\n7\/7 iron rations (repussa)<br \/>\n3x largesack (repussa)<br \/>\ntinder box (repussa)<\/p>\n<p>(Paino [cn] ja s\u00e4ilytyspaikka)<\/p>\n<p>Total weight: cn<br \/>\nEncumbrance:<\/p>\n<p>Other Notes:<\/p>\n<p>Money &#038; Tresure<br \/>\nTotal value:<br \/>\nPP:<br \/>\nGP: 1<br \/>\nEP:<br \/>\nSP:<br \/>\nCP<\/p>\n<p>Gems:<\/p><\/blockquote>\n","protected":false},"excerpt":{"rendered":"<p>Class: Dwarf Alignment: Lawful THAC0: 19 Move: 60\/20\/60 Weapon: NOrmal sword !D&#038; Handaxe 1D6 Weapon Range: 10\/20\/30 Level: 1 Xp: Bonus\/penalty: 0 Next lvl: 2200 AC: 2 Hitpoints: 4\/4 STR:\u00a0\u00a0 9 [_ to hit&#038;damage] INT:\u00a0\u00a0 6 [_ languages] WIS:\u00a0\u00a0 10 [_ save vs. spells] DEX:\u00a0 10\u00a0 [_ AC] CON:\u00a0\u00a0 14 [_ hp] CHA:\u00a0 7\u00a0 [_&hellip; <a class=\"more-link\" href=\"http:\/\/iimu.kapsi.fi\/limunropellukset\/sample-page\/muistoissamme\/horse\">Continue reading <span class=\"screen-reader-text\">HORSE<\/span><\/a><\/p>\n","protected":false},"author":1,"featured_media":0,"parent":164,"menu_order":0,"comment_status":"open","ping_status":"open","template":"","meta":[],"_links":{"self":[{"href":"http:\/\/iimu.kapsi.fi\/limunropellukset\/wp-json\/wp\/v2\/pages\/190"}],"collection":[{"href":"http:\/\/iimu.kapsi.fi\/limunropellukset\/wp-json\/wp\/v2\/pages"}],"about":[{"href":"http:\/\/iimu.kapsi.fi\/limunropellukset\/wp-json\/wp\/v2\/types\/page"}],"author":[{"embeddable":true,"href":"http:\/\/iimu.kapsi.fi\/limunropellukset\/wp-json\/wp\/v2\/users\/1"}],"replies":[{"embeddable":true,"href":"http:\/\/iimu.kapsi.fi\/limunropellukset\/wp-json\/wp\/v2\/comments?post=190"}],"version-history":[{"count":1,"href":"http:\/\/iimu.kapsi.fi\/limunropellukset\/wp-json\/wp\/v2\/pages\/190\/revisions"}],"predecessor-version":[{"id":191,"href":"http:\/\/iimu.kapsi.fi\/limunropellukset\/wp-json\/wp\/v2\/pages\/190\/revisions\/191"}],"up":[{"embeddable":true,"href":"http:\/\/iimu.kapsi.fi\/limunropellukset\/wp-json\/wp\/v2\/pages\/164"}],"wp:attachment":[{"href":"http:\/\/iimu.kapsi.fi\/limunropellukset\/wp-json\/wp\/v2\/media?parent=190"}],"curies":[{"name":"wp","href":"https:\/\/api.w.org\/{rel}","templated":true}]}}