{"id":193,"date":"2013-02-08T15:16:28","date_gmt":"2013-02-08T13:16:28","guid":{"rendered":"http:\/\/iimu.kapsi.fi\/limunropellukset\/?page_id=193"},"modified":"2013-02-12T22:42:56","modified_gmt":"2013-02-12T20:42:56","slug":"igikrof-aplu","status":"publish","type":"page","link":"http:\/\/iimu.kapsi.fi\/limunropellukset\/sample-page\/muistoissamme\/igikrof-aplu","title":{"rendered":"Igikrof Aplu"},"content":{"rendered":"<p>&#8220;Igi&#8221; oli tunnettu suuresta per\u00e4\u00e4ntymisrohkeudestaan. H\u00e4n usein uhrautuvasti tarkasti ensimm\u00e4isen\u00e4 takaisin viev\u00e4n tien turvallisuuden muulle ryhm\u00e4lle. T\u00e4m\u00e4 my\u00f6s koitui Igin kohtaloksi. Er\u00e4\u00e4ss\u00e4 taistelussa hirmuisten ja julmien tappajasammakoiden kanssa Igi rynt\u00e4si ensin syvemm\u00e4lle luolastoon er\u00e4\u00e4n ryhm\u00e4n j\u00e4senen kanssa, mutta pimeydest\u00e4 tulikin vastaan uusia kamalia hirvi\u00f6it\u00e4. N\u00e4iss\u00e4 olosuhteissa Igi tulkitsi parhaaksi pakopaikaksi sammakoiden lammikon, jonka toivoi johtavan vapauteen, mutta h\u00e4n kohtasi p\u00e4iv\u00e4ns\u00e4 p\u00e4\u00e4t\u00f6ksen vy\u00f6t\u00e4r\u00f6\u00e4 my\u00f6den mutaisessa lammikossa.<\/p>\n<blockquote><p>Level 2 Chaotic Magic-user<br \/>\nSTR: 9<br \/>\nINT: 14<br \/>\nWIS: 8<br \/>\nDEX: 13<br \/>\nCON: 6<br \/>\nCHA: 6<\/p>\n<p>HP: 2<br \/>\nAC: 8<br \/>\nGP: 87<\/p>\n<p>Languages: Common, Chaotic, Dwarvish<\/p>\n<p>Spells: Protection from Evil, Light<\/p>\n<p>Dagger<br \/>\nLantern<\/p>\n<p>Save vs. Death Ray or Poison: 13<br \/>\nSave vs. Magic Wands: 14<br \/>\nSave vs. Paralysis or Turn to Stone: 13<br \/>\nSave vs. Dragon Breath: 16<br \/>\nSave vs. Rods, Staves, or Spells: 15<\/p>\n<p>exp 3666<\/p>\n<p>gp 3234<\/p>\n<p>7 p\u00e4iv\u00e4\u00e4 ruokaa<\/p><\/blockquote>\n","protected":false},"excerpt":{"rendered":"<p>&#8220;Igi&#8221; oli tunnettu suuresta per\u00e4\u00e4ntymisrohkeudestaan. H\u00e4n usein uhrautuvasti tarkasti ensimm\u00e4isen\u00e4 takaisin viev\u00e4n tien turvallisuuden muulle ryhm\u00e4lle. T\u00e4m\u00e4 my\u00f6s koitui Igin kohtaloksi. Er\u00e4\u00e4ss\u00e4 taistelussa hirmuisten ja julmien tappajasammakoiden kanssa Igi rynt\u00e4si ensin syvemm\u00e4lle luolastoon er\u00e4\u00e4n ryhm\u00e4n j\u00e4senen kanssa, mutta pimeydest\u00e4 tulikin vastaan uusia kamalia hirvi\u00f6it\u00e4. N\u00e4iss\u00e4 olosuhteissa Igi tulkitsi parhaaksi pakopaikaksi sammakoiden lammikon, jonka toivoi johtavan&hellip; <a class=\"more-link\" href=\"http:\/\/iimu.kapsi.fi\/limunropellukset\/sample-page\/muistoissamme\/igikrof-aplu\">Continue reading <span class=\"screen-reader-text\">Igikrof Aplu<\/span><\/a><\/p>\n","protected":false},"author":1,"featured_media":0,"parent":164,"menu_order":0,"comment_status":"open","ping_status":"open","template":"","meta":[],"_links":{"self":[{"href":"http:\/\/iimu.kapsi.fi\/limunropellukset\/wp-json\/wp\/v2\/pages\/193"}],"collection":[{"href":"http:\/\/iimu.kapsi.fi\/limunropellukset\/wp-json\/wp\/v2\/pages"}],"about":[{"href":"http:\/\/iimu.kapsi.fi\/limunropellukset\/wp-json\/wp\/v2\/types\/page"}],"author":[{"embeddable":true,"href":"http:\/\/iimu.kapsi.fi\/limunropellukset\/wp-json\/wp\/v2\/users\/1"}],"replies":[{"embeddable":true,"href":"http:\/\/iimu.kapsi.fi\/limunropellukset\/wp-json\/wp\/v2\/comments?post=193"}],"version-history":[{"count":3,"href":"http:\/\/iimu.kapsi.fi\/limunropellukset\/wp-json\/wp\/v2\/pages\/193\/revisions"}],"predecessor-version":[{"id":316,"href":"http:\/\/iimu.kapsi.fi\/limunropellukset\/wp-json\/wp\/v2\/pages\/193\/revisions\/316"}],"up":[{"embeddable":true,"href":"http:\/\/iimu.kapsi.fi\/limunropellukset\/wp-json\/wp\/v2\/pages\/164"}],"wp:attachment":[{"href":"http:\/\/iimu.kapsi.fi\/limunropellukset\/wp-json\/wp\/v2\/media?parent=193"}],"curies":[{"name":"wp","href":"https:\/\/api.w.org\/{rel}","templated":true}]}}