{"id":2,"date":"2013-01-24T12:36:41","date_gmt":"2013-01-24T12:36:41","guid":{"rendered":"http:\/\/iimu.kapsi.fi\/limunropellukset\/?page_id=2"},"modified":"2013-06-28T14:16:02","modified_gmt":"2013-06-28T12:16:02","slug":"sample-page","status":"publish","type":"page","link":"http:\/\/iimu.kapsi.fi\/limunropellukset\/sample-page","title":{"rendered":"Tuomion luolasto"},"content":{"rendered":"<p>T\u00e4m\u00e4n kampanjan nimi on <em>Tuomion luolasto<\/em>. Kampanjassa on tarkoitus tutkia alkuper\u00e4isen Dungeons &amp; Dragonsin taustalla olevia oletuksia ja oivalluksia. S\u00e4\u00e4nt\u00f6j\u00e4rjestelm\u00e4n k\u00e4ytet\u00e4\u00e4n D&amp;D:n suomennettua &#8220;punalaatikkoa&#8221;. Kaikki alkuper\u00e4isest\u00e4 D&amp;D:st\u00e4 kiinnostuneet ihmiset ovat tervetulleita mukaan. T\u00e4ll\u00e4 hetkell\u00e4 Tuomion luolasto on pienell\u00e4 tauolla.<\/p>\n<figure id=\"attachment_868\" aria-describedby=\"caption-attachment-868\" style=\"width: 512px\" class=\"wp-caption alignnone\"><a href=\"http:\/\/iimu.kapsi.fi\/limunropellukset\/wp-content\/uploads\/2013\/01\/med.jpg\"><img decoding=\"async\" loading=\"lazy\" class=\"size-full wp-image-868\" alt=\"Ken t\u00e4st\u00e4 k\u00e4y, saa kaiken toivon heitt\u00e4\u00e4\" src=\"http:\/\/iimu.kapsi.fi\/limunropellukset\/wp-content\/uploads\/2013\/01\/med.jpg\" width=\"512\" height=\"384\" srcset=\"http:\/\/iimu.kapsi.fi\/limunropellukset\/wp-content\/uploads\/2013\/01\/med.jpg 512w, http:\/\/iimu.kapsi.fi\/limunropellukset\/wp-content\/uploads\/2013\/01\/med-300x225.jpg 300w, http:\/\/iimu.kapsi.fi\/limunropellukset\/wp-content\/uploads\/2013\/01\/med-400x300.jpg 400w\" sizes=\"(max-width: 512px) 100vw, 512px\" \/><\/a><figcaption id=\"caption-attachment-868\" class=\"wp-caption-text\">Ken t\u00e4st\u00e4 k\u00e4y, saa kaiken toivon heitt\u00e4\u00e4<\/figcaption><\/figure>\n<p>&nbsp;<\/p>\n","protected":false},"excerpt":{"rendered":"<p>T\u00e4m\u00e4n kampanjan nimi on Tuomion luolasto. Kampanjassa on tarkoitus tutkia alkuper\u00e4isen Dungeons &amp; Dragonsin taustalla olevia oletuksia ja oivalluksia. S\u00e4\u00e4nt\u00f6j\u00e4rjestelm\u00e4n k\u00e4ytet\u00e4\u00e4n D&amp;D:n suomennettua &#8220;punalaatikkoa&#8221;. Kaikki alkuper\u00e4isest\u00e4 D&amp;D:st\u00e4 kiinnostuneet ihmiset ovat tervetulleita mukaan. T\u00e4ll\u00e4 hetkell\u00e4 Tuomion luolasto on pienell\u00e4 tauolla. &nbsp;<\/p>\n","protected":false},"author":1,"featured_media":0,"parent":0,"menu_order":0,"comment_status":"open","ping_status":"open","template":"","meta":[],"_links":{"self":[{"href":"http:\/\/iimu.kapsi.fi\/limunropellukset\/wp-json\/wp\/v2\/pages\/2"}],"collection":[{"href":"http:\/\/iimu.kapsi.fi\/limunropellukset\/wp-json\/wp\/v2\/pages"}],"about":[{"href":"http:\/\/iimu.kapsi.fi\/limunropellukset\/wp-json\/wp\/v2\/types\/page"}],"author":[{"embeddable":true,"href":"http:\/\/iimu.kapsi.fi\/limunropellukset\/wp-json\/wp\/v2\/users\/1"}],"replies":[{"embeddable":true,"href":"http:\/\/iimu.kapsi.fi\/limunropellukset\/wp-json\/wp\/v2\/comments?post=2"}],"version-history":[{"count":6,"href":"http:\/\/iimu.kapsi.fi\/limunropellukset\/wp-json\/wp\/v2\/pages\/2\/revisions"}],"predecessor-version":[{"id":23,"href":"http:\/\/iimu.kapsi.fi\/limunropellukset\/wp-json\/wp\/v2\/pages\/2\/revisions\/23"}],"wp:attachment":[{"href":"http:\/\/iimu.kapsi.fi\/limunropellukset\/wp-json\/wp\/v2\/media?parent=2"}],"curies":[{"name":"wp","href":"https:\/\/api.w.org\/{rel}","templated":true}]}}