{"id":203,"date":"2013-02-08T15:18:56","date_gmt":"2013-02-08T13:18:56","guid":{"rendered":"http:\/\/iimu.kapsi.fi\/limunropellukset\/?page_id=203"},"modified":"2013-02-08T15:18:56","modified_gmt":"2013-02-08T13:18:56","slug":"meike-elffi","status":"publish","type":"page","link":"http:\/\/iimu.kapsi.fi\/limunropellukset\/sample-page\/muistoissamme\/meike-elffi","title":{"rendered":"Meike Elffi"},"content":{"rendered":"<blockquote><p>Class: Elf<br \/>\nAlignment: Lawful<br \/>\nTitle: Veteran-Medium<\/p>\n<p>THAC0: 19<br \/>\nDaMaGes:<br \/>\nNormal sword 1D8<br \/>\nBow 1D6 (50\/100\/150)<\/p>\n<p>Level: 1<br \/>\nXp:<br \/>\nBonus\/penalty:<br \/>\nNext lvl: 4000<\/p>\n<p>AC: 7<br \/>\nHitpoints: 3\/3<\/p>\n<p>Encumbarance: \u00a0747 (ilman ration-s\u00e4kki\u00e4) 90\/30\/90<br \/>\n\u00a0 \u00a0 \u00a0 \u00a0 \u00a0 \u00a0 \u00a0 \u00a0 \u00a0 \u00a0 \u00a0 \u00a0 \u00a0887 (s\u00e4kin kanssa) 60\/20\/60<br \/>\n\u00a0<br \/>\nSTR: 12 \u00a0\u00a0 [X]<br \/>\nINT: 12 \u00a0 [X]<br \/>\nWIS: 8 \u00a0 [-1 save vs. spells]<br \/>\nDEX: 10\u00a0\u00a0 [X]<br \/>\nCON: 9 \u00a0 [X]<br \/>\nCHA: 9 \u00a0 [X]<\/p>\n<p>Savingthrows:<br \/>\nPoison &#038; Death ray: 12<br \/>\nMagic Wand: 13<br \/>\nTurn to stone &#038; Paralysis: 13<br \/>\nDragon breath: 15<br \/>\nSpells &#038; Magic Staff: 16 (wis -1)<\/p>\n<p>Languages:<br \/>\nElf, Lawful, Common.<\/p>\n<p>Skills &#038; Spells:<\/p>\n<p>Find secret door 2\/6<br \/>\nImmune to Ghoul paralysis<br \/>\nInfravision 60&#8242;<\/p>\n<p>-Read Magic<\/p>\n<p>Magic Items:<\/p>\n<p>Normal Items:<br \/>\nShortbow [20cn] \u00a0 \u00a0 \u00a0 &#8220;K\u00e4jess\u00e4&#8221;<br \/>\nQuiver with 20\/20 arrows [2\/arrow 40cn] &#8220;Sel\u00e4ss\u00e4&#8221;<br \/>\nsilver-tipped arrow 1\/1 [2cn] &#8220;Samassa kuin muut nuolet&#8221;<br \/>\nLeather armor [200cn] &#8220;P\u00e4\u00e4ll\u00e4&#8221;<br \/>\nBackpack (400cn) [20cn] &#8220;Sel\u00e4ss\u00e4&#8221;<br \/>\nIron rations 7\/7 days [70\/ration 490cn] \u00a0&#8220;5xBackpackissa, 2x large sack&#8221;<br \/>\nrope 50&#8242; long [50cn] &#8220;Backpack&#8221;<br \/>\n2 x large sack (600) [5cn] &#8220;1xbackpack, 1x reppuun kiinnitettyn\u00e4?&#8221;<br \/>\nNormal sword [60cn] &#8220;Huotrassa&#8221;<\/p>\n<p>Total weight: 887<br \/>\nOther Notes:<\/p>\n<p>Money &#038; Tresure<br \/>\nTotal value:<br \/>\nPP:<br \/>\nGP:<br \/>\nEP:<br \/>\nSP:<br \/>\nCP<\/p>\n<p>Gems:<\/p><\/blockquote>\n","protected":false},"excerpt":{"rendered":"<p>Class: Elf Alignment: Lawful Title: Veteran-Medium THAC0: 19 DaMaGes: Normal sword 1D8 Bow 1D6 (50\/100\/150) Level: 1 Xp: Bonus\/penalty: Next lvl: 4000 AC: 7 Hitpoints: 3\/3 Encumbarance: \u00a0747 (ilman ration-s\u00e4kki\u00e4) 90\/30\/90 \u00a0 \u00a0 \u00a0 \u00a0 \u00a0 \u00a0 \u00a0 \u00a0 \u00a0 \u00a0 \u00a0 \u00a0 \u00a0887 (s\u00e4kin kanssa) 60\/20\/60 \u00a0 STR: 12 \u00a0\u00a0 [X] INT: 12 \u00a0&hellip; <a class=\"more-link\" href=\"http:\/\/iimu.kapsi.fi\/limunropellukset\/sample-page\/muistoissamme\/meike-elffi\">Continue reading <span class=\"screen-reader-text\">Meike Elffi<\/span><\/a><\/p>\n","protected":false},"author":1,"featured_media":0,"parent":164,"menu_order":0,"comment_status":"open","ping_status":"open","template":"","meta":[],"_links":{"self":[{"href":"http:\/\/iimu.kapsi.fi\/limunropellukset\/wp-json\/wp\/v2\/pages\/203"}],"collection":[{"href":"http:\/\/iimu.kapsi.fi\/limunropellukset\/wp-json\/wp\/v2\/pages"}],"about":[{"href":"http:\/\/iimu.kapsi.fi\/limunropellukset\/wp-json\/wp\/v2\/types\/page"}],"author":[{"embeddable":true,"href":"http:\/\/iimu.kapsi.fi\/limunropellukset\/wp-json\/wp\/v2\/users\/1"}],"replies":[{"embeddable":true,"href":"http:\/\/iimu.kapsi.fi\/limunropellukset\/wp-json\/wp\/v2\/comments?post=203"}],"version-history":[{"count":1,"href":"http:\/\/iimu.kapsi.fi\/limunropellukset\/wp-json\/wp\/v2\/pages\/203\/revisions"}],"predecessor-version":[{"id":204,"href":"http:\/\/iimu.kapsi.fi\/limunropellukset\/wp-json\/wp\/v2\/pages\/203\/revisions\/204"}],"up":[{"embeddable":true,"href":"http:\/\/iimu.kapsi.fi\/limunropellukset\/wp-json\/wp\/v2\/pages\/164"}],"wp:attachment":[{"href":"http:\/\/iimu.kapsi.fi\/limunropellukset\/wp-json\/wp\/v2\/media?parent=203"}],"curies":[{"name":"wp","href":"https:\/\/api.w.org\/{rel}","templated":true}]}}