{"id":209,"date":"2013-02-08T15:20:18","date_gmt":"2013-02-08T13:20:18","guid":{"rendered":"http:\/\/iimu.kapsi.fi\/limunropellukset\/?page_id=209"},"modified":"2013-02-08T15:20:18","modified_gmt":"2013-02-08T13:20:18","slug":"veli-derny-akolyytti","status":"publish","type":"page","link":"http:\/\/iimu.kapsi.fi\/limunropellukset\/sample-page\/muistoissamme\/veli-derny-akolyytti","title":{"rendered":"Veli Derny (akolyytti)"},"content":{"rendered":"<blockquote><p>Class: Cleric<br \/>\nAlignment: Lawful<\/p>\n<p>THAC0: 20<br \/>\nMove: &#8216;(&#8216;) 60 \/ 20 run 60 tai 90 \/ 30 run 90 tai 120 \/ 40 run 120<br \/>\nWeapon Damage: 1d6-1<br \/>\nWeapon Range: 40 \/ 80 \/ 160 1d4<\/p>\n<p>Level:<br \/>\nXp:<br \/>\nBonus\/penalty: +20%<br \/>\nNext lvl: <\/p>\n<p>AC: 3<br \/>\nHitpoints: 7<\/p>\n<p>STR: 8 \u00a0 [_ to hit&#038;damage] -1<br \/>\nINT: 9 \u00a0 [_ languages] 0<br \/>\nWIS: 16 \u00a0 [_ save vs. spells] +2<br \/>\nDEX: 6 \u00a0 [_ AC] -1<br \/>\nCON: 14 \u00a0\u00a0 [_ hp] +1<br \/>\nCHA: 14 \u00a0 [_ reaction] +1<\/p>\n<p>Savingthrows:<br \/>\nPoison &#038; Death ray: 11<br \/>\nMagic Wand: 12<br \/>\nTurn to stone &#038; Paralysis: 14<br \/>\nDragon breath: 16<br \/>\nSpells &#038; Magic Staff: 15<\/p>\n<p>Languages:<\/p>\n<p>Skills &#038; Spells:<\/p>\n<p>Magic Items:<\/p>\n<p>Normal Items:<br \/>\n(Paino [cn] ja s\u00e4ilytys)<\/p>\n<p>Plate mail 500 p\u00e4\u00e4ll\u00e4<br \/>\nShield 100 k\u00e4dess\u00e4<br \/>\nWarhammer 50 k\u00e4dess\u00e4<br \/>\nSling w. 30 stones 20 vy\u00f6ll\u00e4<br \/>\n10 foot pole 100 sel\u00e4ss\u00e4<\/p>\n<p>Backpack 20 (400 tilaa) sel\u00e4ss\u00e4 \/ paino 405<br \/>\nLantern +2 flasks of oil 30 + 20 backpack<br \/>\nTinder box 5 backpack<br \/>\nRope (50feet) 50 backpack<br \/>\nLarge sack x 2\u00a0 5&#215;2 (mahtuu 600 \/s\u00e4kki) backpack<br \/>\nSpikes and small hammer 60 + 10 backpack<br \/>\nStandard rations 200 backpack<\/p>\n<p>mysterious note taskussa<br \/>\nWaterskin 5 vy\u00f6ll\u00e4<br \/>\nHoly symbol 1 kaulassa<\/p>\n<p>Total weight: cn 1181\/ ilman reppua 776 \/ ilman reppua ja haarniskaa 276<br \/>\nEncumbrance:<\/p>\n<p>Other Notes:<\/p>\n<p>Money &#038; Tresure<br \/>\nTotal value:<br \/>\nPP:<br \/>\nGP: 6<br \/>\nEP:<br \/>\nSP:<br \/>\nCP<\/p>\n<p>Gems:<\/p><\/blockquote>\n","protected":false},"excerpt":{"rendered":"<p>Class: Cleric Alignment: Lawful THAC0: 20 Move: &#8216;(&#8216;) 60 \/ 20 run 60 tai 90 \/ 30 run 90 tai 120 \/ 40 run 120 Weapon Damage: 1d6-1 Weapon Range: 40 \/ 80 \/ 160 1d4 Level: Xp: Bonus\/penalty: +20% Next lvl: AC: 3 Hitpoints: 7 STR: 8 \u00a0 [_ to hit&#038;damage] -1 INT: 9&hellip; <a class=\"more-link\" href=\"http:\/\/iimu.kapsi.fi\/limunropellukset\/sample-page\/muistoissamme\/veli-derny-akolyytti\">Continue reading <span class=\"screen-reader-text\">Veli Derny (akolyytti)<\/span><\/a><\/p>\n","protected":false},"author":1,"featured_media":0,"parent":164,"menu_order":0,"comment_status":"open","ping_status":"open","template":"","meta":[],"_links":{"self":[{"href":"http:\/\/iimu.kapsi.fi\/limunropellukset\/wp-json\/wp\/v2\/pages\/209"}],"collection":[{"href":"http:\/\/iimu.kapsi.fi\/limunropellukset\/wp-json\/wp\/v2\/pages"}],"about":[{"href":"http:\/\/iimu.kapsi.fi\/limunropellukset\/wp-json\/wp\/v2\/types\/page"}],"author":[{"embeddable":true,"href":"http:\/\/iimu.kapsi.fi\/limunropellukset\/wp-json\/wp\/v2\/users\/1"}],"replies":[{"embeddable":true,"href":"http:\/\/iimu.kapsi.fi\/limunropellukset\/wp-json\/wp\/v2\/comments?post=209"}],"version-history":[{"count":1,"href":"http:\/\/iimu.kapsi.fi\/limunropellukset\/wp-json\/wp\/v2\/pages\/209\/revisions"}],"predecessor-version":[{"id":210,"href":"http:\/\/iimu.kapsi.fi\/limunropellukset\/wp-json\/wp\/v2\/pages\/209\/revisions\/210"}],"up":[{"embeddable":true,"href":"http:\/\/iimu.kapsi.fi\/limunropellukset\/wp-json\/wp\/v2\/pages\/164"}],"wp:attachment":[{"href":"http:\/\/iimu.kapsi.fi\/limunropellukset\/wp-json\/wp\/v2\/media?parent=209"}],"curies":[{"name":"wp","href":"https:\/\/api.w.org\/{rel}","templated":true}]}}