{"id":30,"date":"2013-01-24T22:31:26","date_gmt":"2013-01-24T20:31:26","guid":{"rendered":"http:\/\/iimu.kapsi.fi\/limunropellukset\/?page_id=30"},"modified":"2015-06-24T14:29:32","modified_gmt":"2015-06-24T12:29:32","slug":"tama-on","status":"publish","type":"page","link":"http:\/\/iimu.kapsi.fi\/limunropellukset\/tama-on","title":{"rendered":"Mist\u00e4 on kyse?"},"content":{"rendered":"<p>Limun ropellukset on er\u00e4\u00e4n Facebookissa alkunsa saaneen (virtuaali)roolipeliporukan internetin puolelle valunut kampanjaportaali. (Addendum: Nyt olemme valuneet my\u00f6s Google+:n puolelle, t\u00e4\u00e4lt\u00e4 l\u00f6yt\u00e4\u00e4 <a href=\"https:\/\/plus.google.com\/u\/0\/communities\/109203838387591919434\">kaikille avoimen ryhm\u00e4mme<\/a>)<\/p>\n<p>Limun ropellukset sai alkunsa yrityksest\u00e4 p\u00e4\u00e4st\u00e4 sis\u00e4\u00e4n &#8220;alkuper\u00e4iseen&#8221; henkeen Dungeons &amp; Dragons roolipelien taustalla ja ymm\u00e4rt\u00e4\u00e4 herrojen Gygax ja Arneson aivoitusten aikeita. Kampanjan nimi on <em>Tuomion luolasto<\/em>. Kaikki alkuper\u00e4isest\u00e4 D&amp;D:st\u00e4 kiinnostuneet ihmiset ovat tervetulleita mukaan. T\u00e4ll\u00e4 hetkell\u00e4 Tuomion luolasto on pienell\u00e4 tauolla.<\/p>\n<p>T\u00e4m\u00e4n sivuston tarkoituksena on tuoda roolipeleihin suuntautuneen tutkimuksemme hedelmi\u00e4 julkiseen keskusteluun, mutta my\u00f6s samalla toimia er\u00e4\u00e4nlaisen\u00e4 tukikohtana peliporukallemme.<\/p>\n<p>T\u00e4ll\u00e4 hetkell\u00e4 pelaaminen tapahtuu k\u00e4ytt\u00e4en uutukaista <a title=\"Roll20.net\" href=\"http:\/\/roll20.net\/\" target=\"_blank\">http:\/\/roll20.net\/<\/a> virtuaalip\u00f6yt\u00e4\u00e4 ja Teamspeakki\u00e4. Kaikki kiinnostuneet ovat tervetulleita mukaan!<\/p>\n<p>Yhteydenotot: ilmari (piste) kaven (\u00e4t) gmail (piste) com TAI niklas (piste) nylund (\u00e4t) iki (piste) fi<\/p>\n<p>Pelien lis\u00e4ksi olemme kirjoittaneet enemm\u00e4n tai v\u00e4hemm\u00e4n aktiivista blogia pelaamisesta ja roolipeleist\u00e4 yleens\u00e4. Ilmari kirjoittaa nimell\u00e4 Dungeon Master ja Niklas nimell\u00e4 Uplaidos Oscea. Ota yhteytt\u00e4!<\/p>\n<p>&nbsp;<\/p>\n","protected":false},"excerpt":{"rendered":"<p>Limun ropellukset on er\u00e4\u00e4n Facebookissa alkunsa saaneen (virtuaali)roolipeliporukan internetin puolelle valunut kampanjaportaali. (Addendum: Nyt olemme valuneet my\u00f6s Google+:n puolelle, t\u00e4\u00e4lt\u00e4 l\u00f6yt\u00e4\u00e4 kaikille avoimen ryhm\u00e4mme) Limun ropellukset sai alkunsa yrityksest\u00e4 p\u00e4\u00e4st\u00e4 sis\u00e4\u00e4n &#8220;alkuper\u00e4iseen&#8221; henkeen Dungeons &amp; Dragons roolipelien taustalla ja ymm\u00e4rt\u00e4\u00e4 herrojen Gygax ja Arneson aivoitusten aikeita. Kampanjan nimi on Tuomion luolasto. Kaikki alkuper\u00e4isest\u00e4 D&amp;D:st\u00e4 kiinnostuneet&hellip; <a class=\"more-link\" href=\"http:\/\/iimu.kapsi.fi\/limunropellukset\/tama-on\">Continue reading <span class=\"screen-reader-text\">Mist\u00e4 on kyse?<\/span><\/a><\/p>\n","protected":false},"author":1,"featured_media":0,"parent":0,"menu_order":0,"comment_status":"open","ping_status":"open","template":"","meta":[],"_links":{"self":[{"href":"http:\/\/iimu.kapsi.fi\/limunropellukset\/wp-json\/wp\/v2\/pages\/30"}],"collection":[{"href":"http:\/\/iimu.kapsi.fi\/limunropellukset\/wp-json\/wp\/v2\/pages"}],"about":[{"href":"http:\/\/iimu.kapsi.fi\/limunropellukset\/wp-json\/wp\/v2\/types\/page"}],"author":[{"embeddable":true,"href":"http:\/\/iimu.kapsi.fi\/limunropellukset\/wp-json\/wp\/v2\/users\/1"}],"replies":[{"embeddable":true,"href":"http:\/\/iimu.kapsi.fi\/limunropellukset\/wp-json\/wp\/v2\/comments?post=30"}],"version-history":[{"count":15,"href":"http:\/\/iimu.kapsi.fi\/limunropellukset\/wp-json\/wp\/v2\/pages\/30\/revisions"}],"predecessor-version":[{"id":3820,"href":"http:\/\/iimu.kapsi.fi\/limunropellukset\/wp-json\/wp\/v2\/pages\/30\/revisions\/3820"}],"wp:attachment":[{"href":"http:\/\/iimu.kapsi.fi\/limunropellukset\/wp-json\/wp\/v2\/media?parent=30"}],"curies":[{"name":"wp","href":"https:\/\/api.w.org\/{rel}","templated":true}]}}