{"id":3002,"date":"2014-11-10T10:30:35","date_gmt":"2014-11-10T08:30:35","guid":{"rendered":"http:\/\/iimu.kapsi.fi\/limunropellukset\/?page_id=3002"},"modified":"2014-11-24T14:01:48","modified_gmt":"2014-11-24T12:01:48","slug":"greenvillen-kylanhuuto","status":"publish","type":"page","link":"http:\/\/iimu.kapsi.fi\/limunropellukset\/sample-page\/greenvillen-kylanhuuto","title":{"rendered":"Greenvillen Kyl\u00e4nhuuto"},"content":{"rendered":"<p><a href=\"http:\/\/iimu.kapsi.fi\/limunropellukset\/wp-content\/uploads\/2014\/11\/stag-arundel.jpg\"><img decoding=\"async\" loading=\"lazy\" class=\"aligncenter size-full wp-image-3004\" src=\"http:\/\/iimu.kapsi.fi\/limunropellukset\/wp-content\/uploads\/2014\/11\/stag-arundel.jpg\" alt=\"stag-arundel\" width=\"500\" height=\"338\" srcset=\"http:\/\/iimu.kapsi.fi\/limunropellukset\/wp-content\/uploads\/2014\/11\/stag-arundel.jpg 500w, http:\/\/iimu.kapsi.fi\/limunropellukset\/wp-content\/uploads\/2014\/11\/stag-arundel-300x202.jpg 300w, http:\/\/iimu.kapsi.fi\/limunropellukset\/wp-content\/uploads\/2014\/11\/stag-arundel-443x300.jpg 443w\" sizes=\"(max-width: 500px) 100vw, 500px\" \/><\/a><\/p>\n<p style=\"text-align: center;\">T\u00e4m\u00e4 sivusto k\u00e4sittelee paikallisia uutisia Tuomion Luolasto-kampanjaan liittyen.<\/p>\n<p>*********************************************************************************<\/p>\n<p style=\"text-align: center;\">Viime aikana Vihre\u00e4ss\u00e4 Lohik\u00e4\u00e4rmeess\u00e4 kuultua:<br \/>\n&#8212;&#8212;&#8212;&#8212;&#8212;&#8212;&#8212;<br \/>\n<a href=\"http:\/\/iimu.kapsi.fi\/limunropellukset\/wp-content\/uploads\/2014\/11\/Town_Crier.gif\"><img decoding=\"async\" loading=\"lazy\" class=\"aligncenter size-thumbnail wp-image-3005\" src=\"http:\/\/iimu.kapsi.fi\/limunropellukset\/wp-content\/uploads\/2014\/11\/Town_Crier-150x150.gif\" alt=\"Town_Crier\" width=\"150\" height=\"150\" \/><\/a><\/p>\n<p style=\"text-align: center;\">********************************************<\/p>\n<p><strong>YHDEKS\u00c4N HENGEN RYHM\u00c4 KOHTI PAHUUDEN PES\u00c4\u00c4<\/strong><\/p>\n<p>Aamunsarastus toi tullessaan useita katselijoita, kun yhdeks\u00e4n hengen ryhm\u00e4 l\u00e4hti kohti tuntematonta pahuuden pes\u00e4\u00e4. Erityisesti paikallaolijoiden silm\u00e4\u00e4n oli pist\u00e4nyt huomattavan kaunis nainen, joka tuntui muuten olevan seikkailijaksi sopimaton, mutta tuntui pit\u00e4v\u00e4n rautaisessa kurissa suurempiakin taistelijoita ryhm\u00e4ss\u00e4. <\/p>\n<p>Paikalla n\u00e4htiin my\u00f6s paikallinen lainvalvoja Uster Clikin, joka oli henkil\u00f6kohtaisesti tullut katselemaan seikkailijoiden l\u00e4ht\u00f6\u00e4 matkaan. H\u00e4nen kuultiin olevan erityisesti huolissaan hyv\u00e4n yst\u00e4v\u00e4ns\u00e4 kohtalosta, joka oli osana seikkailijaryhm\u00e4\u00e4. &#8220;Tuntuu niin kurjalta l\u00e4hett\u00e4\u00e4 hyv\u00e4 yst\u00e4v\u00e4 vaaroihin&#8221; h\u00e4nen kuultiin voivottelevan seurassaan olleelle kaapuun pukeutuneelle arvoitukselliselle henkil\u00f6lle.<\/p>\n<p>P\u00e4\u00e4m\u00e4\u00e4r\u00e4n\u00e4 seikkailijoilla on vuorilta hiljattain paljastanut muinainen luostari, jossa tietojen mukaan harrastetaan niin kauheaa haureutta, ettei siit\u00e4 voi lasten ja naisten kuullen edes puhua. Mutta jos juttuihin on luottamista niin pahan korruptoimat pukkiolennot penetroivat viattomia niin ter\u00e4aseilla kuin pahudeen seip\u00e4in, kamalissa rituaaleissa joiden tarkoitusena on nostaa kammottava uinuva muinainen paha!<\/p>\n<blockquote><p>K\u00e4rp\u00e4sen\u00e4 katossa:<br \/>\nLlipri, Wowphaihow ja Inissee sek\u00e4 mukaan saadut kuusi soturia kulkivat pitk\u00e4n kiertotien halki mantujen ja maisemien p\u00e4\u00e4tyen &#8220;yll\u00e4tt\u00e4v\u00e4n l\u00e4helle sit\u00e4 takaovea Tuomion Luolastoon&#8221;, kuten Inissee totesi katsottuaan karttaa. &#8220;Pornoluostarin&#8221; porteilla k\u00e4vi kuitenkin selv\u00e4ksi, ettei kaikki ollut niin kuin piti. Llipri katseli jo murhanhimoisesti heid\u00e4t paikalle opastanutta ep\u00e4ilytt\u00e4v\u00e4sti kaapuun pukeutunutta miest\u00e4, mutta s\u00e4\u00e4sti t\u00e4m\u00e4n hengen muiden painavampien asioiden noustessa esiin. Luostarissa vallitsi ahdistava hiljaisuus ja aiemmin k\u00e4ynniss\u00e4 olleet orgiat olivat muisto vain. Ehk\u00e4 jopa hieman pettyneen\u00e4kin osattomuudestaan irstailuun sankarimme p\u00e4\u00e4ttiv\u00e4t tutkia luostarin nyt hyl\u00e4tyilt\u00e4 tuntuvia k\u00e4yt\u00e4vi\u00e4. <\/p>\n<p>Keskeiseen rooliin nousi yll\u00e4tt\u00e4en Gwyneira, joka muuten tuntui olevan t\u00e4ysin soveltumaton apunainen seikkailuun, mutta omasi yll\u00e4tt\u00e4v\u00e4n korkean kestokyvyn. Niinp\u00e4 urheat sankarimme ojensivat Gwyneiralle pitk\u00e4n kepin, jolla h\u00e4n p\u00e4\u00e4si availemaan ovia. Ovien takaa paljastui l\u00e4hinn\u00e4 komeroita t\u00e4ynn\u00e4 tyhj\u00e4\u00e4 ja m\u00e4ti\u00e4 varusteita sek\u00e4 ruokaa. Wowphaihou oli kuitenkin tyytyv\u00e4inen l\u00f6ytyneeseen kirveeseen.<\/p>\n<p>Sankarimme p\u00e4\u00e4tyiv\u00e4t my\u00f6s kokeilemaan uusia syvem\u00e4lle luolastoon johtavia rappusia. Rappusten alap\u00e4\u00e4st\u00e4 l\u00f6ytynyt katakombiston alku, jonka lattia oli syv\u00e4n aina kainaloihin asti ulottuvan veden peitossa kuitenkin tuntui viev\u00e4n suurimman seikkailunhalun ryhm\u00e4st\u00e4. Erityisesti vertikaalisesti rajoittuneempi k\u00e4\u00e4pi\u00f6 koki syv\u00e4n veden hieman hankalana. Llipri yritti kuitenkin kiipeill\u00e4 notkeana naisena hieman seini\u00e4 pitkin, mutta seinilt\u00e4 veteen valahtaneet luut kuitenkin houkuttelivat <em>jonkin <\/em>tai <em>jotkin<\/em> liikkeelle syvemm\u00e4ll\u00e4 katakombissa, joten seikkailija ryhm\u00e4mme p\u00e4\u00e4tti taktisesti l\u00e4hesty\u00e4 katakombeja toisesta suunnasta, nimitt\u00e4in ylh\u00e4\u00e4lt\u00e4. <\/p>\n<p>Takasin ylh\u00e4\u00e4ll\u00e4 ryhm\u00e4 meni penkomaan toisten rappusten yl\u00e4p\u00e4\u00e4ss\u00e4 olevia kummallisia puuty\u00f6kaluja, joiden takaa paljastuikin k\u00e4tk\u00f6, josta l\u00f6ytyi tynnyri, jonka kanteen oli kirjoitettu ilmeisesti maaginen riimu. Samalla Llipri onnistui my\u00f6s tunnistamaan mahdollisen ansan toisista alasp\u00e4in vievist\u00e4 portaista. Ryhm\u00e4 j\u00e4i ihmettelem\u00e4\u00e4n mit\u00e4 suljetulla puisella ja metallivahvisteisella tynnyrill\u00e4 voisikaan tehd\u00e4?<\/p><\/blockquote>\n<p><strong>VIHRE\u00c4N LOHIK\u00c4\u00c4RMEEN MAJATALOSSA TAAS T\u00c4N\u00c4 ILTANA: DOODLEPOOK JA H\u00c4NEN IHMEELLINEN TAIKAORKESTERINSA!!!<\/strong><\/p>\n<p>Viime aikojen suurin villitys GreenVilless\u00e4 on ollut pienten tonttujen orkesteri, jonka seikkailijat toivat mukanaan seikkailuiltaan luolaston syvyyksiss\u00e4. T\u00e4m\u00e4 kummallista musiikkia soittavat orkesteri koostuu pienist\u00e4 liskomiehist\u00e4 ja heid\u00e4n erikoisista pienist\u00e4 ly\u00f6m\u00e4soittimistaan. Heid\u00e4n kurlaava laulutapansa on her\u00e4tt\u00e4nyt kummastusta kyl\u00e4n v\u00e4ess\u00e4 ja Vihre\u00e4n lohik\u00e4\u00e4rmeen majatalo on ollut t\u00e4ynn\u00e4 ihmisi\u00e4 kummastelemassa n\u00e4it\u00e4 otuksia ja heid\u00e4n poikkeuksellista musiikkinumeroaan.<\/p>\n<p>Ep\u00e4ilij\u00e4t tosin ovat sanoneet ettei t\u00e4st\u00e4 hyv\u00e4 seuraa ja jotain kamalaa on tiedossa, mutta heid\u00e4n puheistaan ei tunnu monetkaan v\u00e4litt\u00e4v\u00e4n sen verran tungosta on tavernassa ollut Doodlepookin ja taikaorkesterin esiintyess\u00e4.<\/p>\n<p style=\"text-align: center;\">********************************************<\/p>\n<p style=\"text-align: center;\">WANHAT UUTISET<\/p>\n<p style=\"text-align: center;\">********************************************<\/p>\n<p><strong>Simasuun juhlien valmistelut t\u00e4ydess\u00e4 vauhdissa.<\/strong><\/p>\n<p>Herttuakunnan p\u00e4\u00e4kaupungista Lorionista kantautuu uutisia, kuinka Simasuun suku on alkanut valmistella sukunsa juhlia. Paikalle on kutsuttu lukuisia vaikutusvaltaisia suvun j\u00e4seni\u00e4 ja valmistelut tuntuvat olevan mit\u00e4 runsaimmalla k\u00e4dell\u00e4 j\u00e4rjestetyt. Huhutaan ett\u00e4 paikalle olisi tulossa my\u00f6s joitakin erityisen vaikutusvaltaisia uskon miehi\u00e4.<\/p>\n<p><strong>Varustekuljetus j\u00e4lleen kateissa.<\/strong><\/p>\n<p>Herttuan hyv\u00e4ntahtoisuutta Greenville\u00e4 kohtaan on kohdannut j\u00e4lleen koettelemus. J\u00e4lleen yksi karavaani, jossa kuljetetaan tarvikkeita niiden kipe\u00e4ss\u00e4 tarpeessa olevaan Greenvilleen on joutunut kateisiin. Jo viikko sitten perille saapumassa ollut karavaani ei ole viel\u00e4k\u00e4\u00e4n tullut perille. Greenvilless\u00e4 valmistellaan etsint\u00e4partiota, joka l\u00e4hetet\u00e4\u00e4n tutkimaan karavaanin kummallista katoamista. T\u00e4rkeiden varusten puuttuminen nostaa v\u00e4\u00e4j\u00e4\u00e4m\u00e4tt\u00e4 hintatasoa Greenvilless\u00e4 edelleen.<\/p>\n<p><strong>Kyl\u00e4n j\u00e4lleenrakennus hyv\u00e4ll\u00e4 mallilla<\/strong><\/p>\n<p>Greenvillen j\u00e4lleenrakennus sujuu mallikkaasti. Yh\u00e4 uusia rakennuksia aloitetaan kunnostamaan ja rakentamaan p\u00e4ivitt\u00e4in. Herttua onkin luvannut halpoja tontteja kaikille rakennushaluisille tahoille. Nyt kyl\u00e4\u00e4 on nousemassa komistamaan muun muassa sen ensimm\u00e4inen uskonnollinen rakennus. Palvontaa ja rukoilua varten nouseva temppeli on tervetullut lis\u00e4 kurimukseen joutuneeseen kaupunkiin.<\/p>\n<p><strong>Perki\u00e4n suvun lammastilalla j\u00e4lleen uusia karitsoja<\/strong><\/p>\n<p>Perki\u00e4n suvun p\u00e4\u00e4 Rileck harmaasilm\u00e4 kertoi kylill\u00e4 k\u00e4ydess\u00e4\u00e4n, ett\u00e4 uusia karitsoja on syntynyt j\u00e4lleen tusinan verran. Uutinen ilahdutti erityisesti kaupungin vihre\u00e4n lohik\u00e4\u00e4rmeen majatalon kokkia, sill\u00e4 kaupungiss\u00e4 on ollut tavallista enemm\u00e4n vieraita ja kysynt\u00e4\u00e4 hyv\u00e4 tasoiselle lihalle on tavallista enemm\u00e4n. Perki\u00e4 on tunnettu maukkaista lampaistaan.<\/p>\n<p><a href=\"http:\/\/iimu.kapsi.fi\/limunropellukset\/wp-content\/uploads\/2014\/11\/medievalpartyprep.jpg\"><img decoding=\"async\" loading=\"lazy\" class=\"aligncenter size-medium wp-image-3003\" src=\"http:\/\/iimu.kapsi.fi\/limunropellukset\/wp-content\/uploads\/2014\/11\/medievalpartyprep-300x183.jpg\" alt=\"medievalpartyprep\" width=\"300\" height=\"183\" srcset=\"http:\/\/iimu.kapsi.fi\/limunropellukset\/wp-content\/uploads\/2014\/11\/medievalpartyprep-300x183.jpg 300w, http:\/\/iimu.kapsi.fi\/limunropellukset\/wp-content\/uploads\/2014\/11\/medievalpartyprep-1024x627.jpg 1024w, http:\/\/iimu.kapsi.fi\/limunropellukset\/wp-content\/uploads\/2014\/11\/medievalpartyprep-940x570.jpg 940w, http:\/\/iimu.kapsi.fi\/limunropellukset\/wp-content\/uploads\/2014\/11\/medievalpartyprep-489x300.jpg 489w, http:\/\/iimu.kapsi.fi\/limunropellukset\/wp-content\/uploads\/2014\/11\/medievalpartyprep.jpg 1280w\" sizes=\"(max-width: 300px) 100vw, 300px\" \/><\/a><\/p>\n","protected":false},"excerpt":{"rendered":"<p>T\u00e4m\u00e4 sivusto k\u00e4sittelee paikallisia uutisia Tuomion Luolasto-kampanjaan liittyen. ********************************************************************************* Viime aikana Vihre\u00e4ss\u00e4 Lohik\u00e4\u00e4rmeess\u00e4 kuultua: &#8212;&#8212;&#8212;&#8212;&#8212;&#8212;&#8212; ******************************************** YHDEKS\u00c4N HENGEN RYHM\u00c4 KOHTI PAHUUDEN PES\u00c4\u00c4 Aamunsarastus toi tullessaan useita katselijoita, kun yhdeks\u00e4n hengen ryhm\u00e4 l\u00e4hti kohti tuntematonta pahuuden pes\u00e4\u00e4. Erityisesti paikallaolijoiden silm\u00e4\u00e4n oli pist\u00e4nyt huomattavan kaunis nainen, joka tuntui muuten olevan seikkailijaksi sopimaton, mutta tuntui pit\u00e4v\u00e4n rautaisessa kurissa&hellip; <a class=\"more-link\" href=\"http:\/\/iimu.kapsi.fi\/limunropellukset\/sample-page\/greenvillen-kylanhuuto\">Continue reading <span class=\"screen-reader-text\">Greenvillen Kyl\u00e4nhuuto<\/span><\/a><\/p>\n","protected":false},"author":1,"featured_media":0,"parent":2,"menu_order":0,"comment_status":"open","ping_status":"open","template":"","meta":[],"_links":{"self":[{"href":"http:\/\/iimu.kapsi.fi\/limunropellukset\/wp-json\/wp\/v2\/pages\/3002"}],"collection":[{"href":"http:\/\/iimu.kapsi.fi\/limunropellukset\/wp-json\/wp\/v2\/pages"}],"about":[{"href":"http:\/\/iimu.kapsi.fi\/limunropellukset\/wp-json\/wp\/v2\/types\/page"}],"author":[{"embeddable":true,"href":"http:\/\/iimu.kapsi.fi\/limunropellukset\/wp-json\/wp\/v2\/users\/1"}],"replies":[{"embeddable":true,"href":"http:\/\/iimu.kapsi.fi\/limunropellukset\/wp-json\/wp\/v2\/comments?post=3002"}],"version-history":[{"count":11,"href":"http:\/\/iimu.kapsi.fi\/limunropellukset\/wp-json\/wp\/v2\/pages\/3002\/revisions"}],"predecessor-version":[{"id":3147,"href":"http:\/\/iimu.kapsi.fi\/limunropellukset\/wp-json\/wp\/v2\/pages\/3002\/revisions\/3147"}],"up":[{"embeddable":true,"href":"http:\/\/iimu.kapsi.fi\/limunropellukset\/wp-json\/wp\/v2\/pages\/2"}],"wp:attachment":[{"href":"http:\/\/iimu.kapsi.fi\/limunropellukset\/wp-json\/wp\/v2\/media?parent=3002"}],"curies":[{"name":"wp","href":"https:\/\/api.w.org\/{rel}","templated":true}]}}