{"id":5461,"date":"2017-07-31T13:33:53","date_gmt":"2017-07-31T11:33:53","guid":{"rendered":"http:\/\/iimu.kapsi.fi\/limunropellukset\/?page_id=5461"},"modified":"2017-08-06T21:08:12","modified_gmt":"2017-08-06T19:08:12","slug":"ill-marys-invitational","status":"publish","type":"page","link":"http:\/\/iimu.kapsi.fi\/limunropellukset\/ill-marys-invitational","title":{"rendered":"Ill Mary&#8217;s Invitational BloodBowl"},"content":{"rendered":"<p style=\"text-align: center;\"><strong><\/p>\n<ul>\nIll Mary&#8217;s Invitational BloodFest<\/ul>\n<p><\/strong><\/p>\n<p><img decoding=\"async\" loading=\"lazy\" class=\"aligncenter size-full wp-image-5467\" src=\"http:\/\/iimu.kapsi.fi\/limunropellukset\/wp-content\/uploads\/2017\/07\/caven.gif\" alt=\"\" width=\"648\" height=\"477\" \/><\/p>\n<p>Linkkej\u00e4<br \/>\n<a href=\"https:\/\/fumbbl.com\/p\/group?op=view&#038;group=10967&#038;p=teams\" target=\"_blank\">Joukkueet<\/a><\/p>\n<p><strong>Ensimm\u00e4inen ilta, y\u00f6 laskeutuu!<\/strong><\/p>\n<p>Oli synkk\u00e4 ja myrskyinen y\u00f6, kun joukkueet saapuivat Cavenin vuoristoiselle seudulle. Tie oli kiemurrellut halki vaarallisten vuorenrinteiden ja p\u00e4\u00e4tynyt syv\u00e4\u00e4n laaksoon, johon aurinko tuskin koskaan oli paistanut s\u00e4teill\u00e4\u00e4n. Tuossa laaksossa oli asunut Von Der Cav\u00e9nin suku niin kauan kuin paikalliset muistivat, ja viel\u00e4 kauemmin laaksosta oli kerrottu mit\u00e4 karmaisevimpia tarinoita.<\/p>\n<p>Karmaiseva oli my\u00f6s totuus, joka pelaajille paljastui kun he saapuivat linnan pihaan. Is\u00e4nt\u00e4joukkue oli kyll\u00e4 ihmisi\u00e4, mutta elossa he eiv\u00e4t suinkaan olleet olleet en\u00e4\u00e4 pitk\u00e4\u00e4n aikaan. Kolkon naurun saattelemana lumotut palvelijoina toimivat &#8220;lumetit&#8221; saattoivat joukkeiden ep\u00e4luuloiset j\u00e4senet majapaikkoihin, samalla kun kostea y\u00f6 hiipi laakson ylle. Illalla osanottajat saivat kuulla ep\u00e4m\u00e4\u00e4r\u00e4isi\u00e4 huhuja kuinka aiempien turnausten joukkueet olivat kadonneet kuin tuhka tuuleen ja viimeiseksi j\u00e4\u00e4nyt joukkue oli kuulemma uhrattu Mustassa Rituaalissa keskiy\u00f6ll\u00e4! Mieli t\u00e4ynn\u00e4 kysymyksi\u00e4 urheilijat k\u00e4viv\u00e4t vuoteisiinsa kolkon linnan kylmien k\u00e4yt\u00e4vien varsille laitetuissa huoneissaan&#8230;<br \/>\n<strong><br \/>\nJoukkueet esittelyss\u00e4:<\/strong><\/p>\n<ul>\n<p><em><a href=\"https:\/\/fumbbl.com\/p\/team?op=view&#038;team_id=884131\" target=\"_blank\">Skinky Slipperz<\/a> (Lizardmen)<br \/>\nManageri: Nikodeemus<\/em><\/ul>\n<blockquote><p>\nNouseva liskomiesjoukkue Skinky Slipperzodottaa malttamattomana tulevaa liigaa. &#8220;Kroc on valmiina halkaisemaan vastustajiensa kallot&#8221;, toteaa joukkueen vaatimaton valmentaja Nikodemus. Nelj\u00e4 nopeaa skinki\u00e4, kuusi hurjaa saurusta ja yksi ylivoimainen kroxigor ovat harjoitelleet viime viikkoina tiuhaan. &#8220;Harjoitusotteluissa on tullut vain voittoja ja useimmiten vastustajan kaikki pelaajat on tallottu maan rakoon ja maaleja tehty puolisen tusinaa&#8221;, Nikodemus summaa valmennustyylins\u00e4.<\/p><\/blockquote>\n<ul>\n<em><a href=\"https:\/\/fumbbl.com\/p\/team?team_id=883969\" target=\"_blank\">B-ratz 9000i <\/a>(Skaven)<br \/>\nManageri: varjami<\/em><\/ul>\n<blockquote><p>B-ratz 9000i. The internet incarnation of the teeniest and most human skaven team in the world, B-ratz 9000.They are unpredictable, they are cute, they are fast and furious. They will eat you alive!<br \/>\nPlease say hello to B-Ratz 9000i!<\/p>\n<p>Hel&#8230;.. NOOONOOOOO!!!! AAARRRRGGHHHHHH!!!!!<br \/>\nGOAL!!!!!!!<\/p><\/blockquote>\n<p><em><a href=\"https:\/\/fumbbl.com\/p\/team?op=view&#038;team_id=881907\" target=\"_blank\">guts and bratz <\/a>(Skaven)<br \/>\nManageri: Simultaneus\t<\/em><\/ul>\n<blockquote><p>Paikallinen aikakauslehti Turno de Sangre tavoitti kiireisen Managerin kahvinkeitto puuhistaan:<br \/>\n&#8211; Miten guts and bratz on valmistautunut alkavaan turnaukseen?<br \/>\n<em>&#8220;\u00d6\u00f6\u00f6.. mihin?&#8221;<\/em><br \/>\n&#8211; Onko apotecharyn puute osa teid\u00e4n pelikirjaanne?<br \/>\n<em>&#8220;Jokanen tuo omat pillerit mukanaan..&#8221;<\/em><br \/>\n&#8211; Millaisia terveisi\u00e4 l\u00e4het\u00e4tte muille osanottajille?<br \/>\n<em>&#8220;Maaliviivalla n\u00e4hd\u00e4\u00e4n!&#8221;<\/em>\n<\/p><\/blockquote>\n<ul>\n<em><a href=\"https:\/\/fumbbl.com\/p\/team?op=view&#038;team_id=884135\" target=\"_blank\">K\u00e4pyl\u00e4 Nightmares<\/a> (Dark Elf)<br \/>\nManageri: Lusmu_I<\/em><\/ul>\n<ul>\n<em><a href=\"https:\/\/fumbbl.com\/p\/team?op=view&#038;team_id=881907\" target=\"_blank\">CoviXet <\/a>(Human)<br \/>\nManageri: slurrr<\/em><\/ul>\n<blockquote><p>\nPaikallinen aikakauslehti Turno de Sangre tavoitti kiireisen Managerin juuri kun ensimm\u00e4isest\u00e4 vaiheesta loppui l\u00f6p\u00f6 132 km korkeudessa:<br \/>\n-Miten Covixet ovat valmistautuneet edess\u00e4 olevaan turnaukseen?<br \/>\nT\u00e4\u00e4 on t\u00e4mm\u00f6nen l\u00f6ssi rapajuoppoja ja kuultiin ett\u00e4 t\u00e4mm\u00f6nen olis. Ei meill\u00e4 mit\u00e4\u00e4n systeemi\u00e4, oo otetaan poika kotiin!<br \/>\n-Mill\u00e4 mielin ootte kisaan l\u00e4hdossa mukaan?<br \/>\nTaso ei kuulemma oo mitenk\u00e4\u00e4n kova nyky\u00e4\u00e4n.<br \/>\n-Millaisia terveisi\u00e4 haluaisitte l\u00e4hett\u00e4\u00e4 muille?<br \/>\nToivotaan ett\u00e4 kaikki tulee paikalle ajoissa.<\/p><\/blockquote>\n<ul>\n","protected":false},"excerpt":{"rendered":"<p>Ill Mary&#8217;s Invitational BloodFest Linkkej\u00e4 Joukkueet Ensimm\u00e4inen ilta, y\u00f6 laskeutuu! Oli synkk\u00e4 ja myrskyinen y\u00f6, kun joukkueet saapuivat Cavenin vuoristoiselle seudulle. Tie oli kiemurrellut halki vaarallisten vuorenrinteiden ja p\u00e4\u00e4tynyt syv\u00e4\u00e4n laaksoon, johon aurinko tuskin koskaan oli paistanut s\u00e4teill\u00e4\u00e4n. Tuossa laaksossa oli asunut Von Der Cav\u00e9nin suku niin kauan kuin paikalliset muistivat, ja viel\u00e4 kauemmin laaksosta&hellip; <a class=\"more-link\" href=\"http:\/\/iimu.kapsi.fi\/limunropellukset\/ill-marys-invitational\">Continue reading <span class=\"screen-reader-text\">Ill Mary&#8217;s Invitational BloodBowl<\/span><\/a><\/p>\n","protected":false},"author":1,"featured_media":0,"parent":0,"menu_order":99,"comment_status":"open","ping_status":"closed","template":"paget-blank.php","meta":[],"_links":{"self":[{"href":"http:\/\/iimu.kapsi.fi\/limunropellukset\/wp-json\/wp\/v2\/pages\/5461"}],"collection":[{"href":"http:\/\/iimu.kapsi.fi\/limunropellukset\/wp-json\/wp\/v2\/pages"}],"about":[{"href":"http:\/\/iimu.kapsi.fi\/limunropellukset\/wp-json\/wp\/v2\/types\/page"}],"author":[{"embeddable":true,"href":"http:\/\/iimu.kapsi.fi\/limunropellukset\/wp-json\/wp\/v2\/users\/1"}],"replies":[{"embeddable":true,"href":"http:\/\/iimu.kapsi.fi\/limunropellukset\/wp-json\/wp\/v2\/comments?post=5461"}],"version-history":[{"count":34,"href":"http:\/\/iimu.kapsi.fi\/limunropellukset\/wp-json\/wp\/v2\/pages\/5461\/revisions"}],"predecessor-version":[{"id":5518,"href":"http:\/\/iimu.kapsi.fi\/limunropellukset\/wp-json\/wp\/v2\/pages\/5461\/revisions\/5518"}],"wp:attachment":[{"href":"http:\/\/iimu.kapsi.fi\/limunropellukset\/wp-json\/wp\/v2\/media?parent=5461"}],"curies":[{"name":"wp","href":"https:\/\/api.w.org\/{rel}","templated":true}]}}