{"id":197,"date":"2013-02-08T15:17:36","date_gmt":"2013-02-08T13:17:36","guid":{"rendered":"http:\/\/iimu.kapsi.fi\/limunropellukset\/?page_id=197"},"modified":"2013-02-08T15:17:36","modified_gmt":"2013-02-08T13:17:36","slug":"kaamea-mardong","status":"publish","type":"page","link":"https:\/\/iimu.kapsi.fi\/limunropellukset\/sample-page\/muistoissamme\/kaamea-mardong","title":{"rendered":"Kaamea Mardong"},"content":{"rendered":"<blockquote><p>Level 1\u00a0Neutral\u00a0Magic-user<br \/>\nExp: 234<br \/>\nSTR:\u00a08 (-1)<br \/>\nINT:\u00a015 (+1)<br \/>\nWIS:\u00a012 (-)<br \/>\nDEX:\u00a011 (-)<br \/>\nCON:\u00a010 (-)<br \/>\nCHA:\u00a08 (-1)<\/p>\n<p>HP:\u00a02\/2<br \/>\nThac0: 19<br \/>\nAC:\u00a09<br \/>\nGP: 280<br \/>\nEncumbarance: 592 90\/30\/90<\/p>\n<p>Languages: Common, Neutral, Gnome<\/p>\n<p>Spells: Read Magic &#038; Magic Missile<\/p>\n<p>Tavarat:<br \/>\nSilver Dagger (10 cn) &#8220;Vy\u00f6ll\u00e4&#8221;<br \/>\nHoly Water (1 vial) (1cn) &#8221;<br \/>\nPole 1 (100 cn) &#8220;oikea k\u00e4je&#8221;<br \/>\nRope 1 (50 cn) &#8220;repussa&#8221;<br \/>\nbackpack 5 (20 cn, 400 cn)<br \/>\nmagic book (200cn) &#8220;Repussa&#8221;<br \/>\nLantern 10 (30 cn) &#8220;Vasen k\u00e4je&#8221;<br \/>\n2x Flask of oil 4 (10\/each, 20 coins) &#8220;Repussa&#8221;<br \/>\nSack large 2 (5 cn, 600 cn) &#8220;repussa&#8221;<br \/>\nLuolaston kartta<\/p>\n<p>Tinder box 3 (5 cn)<br \/>\nMirror 5 (5 cn)<br \/>\nTorches 5 1 (120 cn)<br \/>\nWaterskin 1 (5 cn)<br \/>\nWolfsbane 10 (1 cn)<\/p>\n<p>Save vs. Death Ray or Poison:\u00a013<br \/>\nSave vs. Magic Wands:\u00a014<br \/>\nSave vs. Paralysis or Turn to Stone:\u00a013<br \/>\nSave vs. Dragon Breath:\u00a016<br \/>\nSave vs. Rods, Staves, or Spells:\u00a015 <\/p><\/blockquote>\n","protected":false},"excerpt":{"rendered":"<p>Level 1\u00a0Neutral\u00a0Magic-user Exp: 234 STR:\u00a08 (-1) INT:\u00a015 (+1) WIS:\u00a012 (-) DEX:\u00a011 (-) CON:\u00a010 (-) CHA:\u00a08 (-1) HP:\u00a02\/2 Thac0: 19 AC:\u00a09 GP: 280 Encumbarance: 592 90\/30\/90 Languages: Common, Neutral, Gnome Spells: Read Magic &#038; Magic Missile Tavarat: Silver Dagger (10 cn) &#8220;Vy\u00f6ll\u00e4&#8221; Holy Water (1 vial) (1cn) &#8221; Pole 1 (100 cn) &#8220;oikea k\u00e4je&#8221; Rope 1&hellip; <a class=\"more-link\" href=\"https:\/\/iimu.kapsi.fi\/limunropellukset\/sample-page\/muistoissamme\/kaamea-mardong\">Continue reading <span class=\"screen-reader-text\">Kaamea Mardong<\/span><\/a><\/p>\n","protected":false},"author":1,"featured_media":0,"parent":164,"menu_order":0,"comment_status":"open","ping_status":"open","template":"","meta":[],"_links":{"self":[{"href":"https:\/\/iimu.kapsi.fi\/limunropellukset\/wp-json\/wp\/v2\/pages\/197"}],"collection":[{"href":"https:\/\/iimu.kapsi.fi\/limunropellukset\/wp-json\/wp\/v2\/pages"}],"about":[{"href":"https:\/\/iimu.kapsi.fi\/limunropellukset\/wp-json\/wp\/v2\/types\/page"}],"author":[{"embeddable":true,"href":"https:\/\/iimu.kapsi.fi\/limunropellukset\/wp-json\/wp\/v2\/users\/1"}],"replies":[{"embeddable":true,"href":"https:\/\/iimu.kapsi.fi\/limunropellukset\/wp-json\/wp\/v2\/comments?post=197"}],"version-history":[{"count":1,"href":"https:\/\/iimu.kapsi.fi\/limunropellukset\/wp-json\/wp\/v2\/pages\/197\/revisions"}],"predecessor-version":[{"id":198,"href":"https:\/\/iimu.kapsi.fi\/limunropellukset\/wp-json\/wp\/v2\/pages\/197\/revisions\/198"}],"up":[{"embeddable":true,"href":"https:\/\/iimu.kapsi.fi\/limunropellukset\/wp-json\/wp\/v2\/pages\/164"}],"wp:attachment":[{"href":"https:\/\/iimu.kapsi.fi\/limunropellukset\/wp-json\/wp\/v2\/media?parent=197"}],"curies":[{"name":"wp","href":"https:\/\/api.w.org\/{rel}","templated":true}]}}