{"id":308,"date":"2013-02-12T20:52:30","date_gmt":"2013-02-12T18:52:30","guid":{"rendered":"http:\/\/iimu.kapsi.fi\/limunropellukset\/?page_id=308"},"modified":"2013-06-28T14:17:16","modified_gmt":"2013-06-28T12:17:16","slug":"uplaidoksen-ohjenuoria-cocemattomille-seikkailijoille","status":"publish","type":"page","link":"https:\/\/iimu.kapsi.fi\/limunropellukset\/sample-page\/uplaidoksen-ohjenuoria-cocemattomille-seikkailijoille","title":{"rendered":"Uplaidoksen ohjenuoria cocemattomille seikkailijoille"},"content":{"rendered":"<p>Uplaidoksen ohjenuoria cocemattomille seikkailijoille:<\/p>\n<ol>\n<li>Tuomion luolasto on hengenvaarallinen. Etene hitaasti ja harkiten. Kuuntele ja k\u00e4yt\u00e4 aivonystyr\u00f6it\u00e4si.<\/li>\n<li>Muista ett\u00e4 olet luolassa etsim\u00e4ss\u00e4 aarteita, et tappamassa vihollisia.<\/li>\n<li>Kierr\u00e4 vaaralliset viholliset. Juokse karkuun jos siihen on tarvetta.<\/li>\n<li>\u00c4l\u00e4 koske mihink\u00e4\u00e4n v\u00e4h\u00e4nk\u00e4\u00e4n ep\u00e4ilytt\u00e4v\u00e4\u00e4n.<\/li>\n<li>Jos v\u00e4ltt\u00e4m\u00e4tt\u00e4 joudut koskemaan ep\u00e4ilytt\u00e4viin esineisiin, k\u00e4yt\u00e4 mieluiten 10 jalan keppi\u00e4.<\/li>\n<li>Pid\u00e4 aina mukana hyvin s\u00e4ilyv\u00e4\u00e4 ruokaa ja juomaa. Koskaan ei voi tiet\u00e4\u00e4 koska ovi sulkeutuu takanasi ja joudut ansaan.<\/li>\n<li>Pid\u00e4 mukana valonl\u00e4hde (mik\u00e4li sellaista tarvitset) ja riitt\u00e4v\u00e4sti polttoainetta siihen.<\/li>\n<li>K\u00f6ysi on hy\u00f6dyllinen apuv\u00e4line. Sit\u00e4 voi k\u00e4ytt\u00e4\u00e4 kiipe\u00e4misen ja vankien k\u00f6ytt\u00e4misen lis\u00e4ksi moneen muuhunkin tarpeeseen. Mikset saman tien ottaisi kahta?<\/li>\n<li>\u00c4l\u00e4 juokse karkuun syvemm\u00e4lle luolastoon.<\/li>\n<li>Sankarikuolemasta ei saa mitalia.<\/li>\n<\/ol>\n","protected":false},"excerpt":{"rendered":"<p>Uplaidoksen ohjenuoria cocemattomille seikkailijoille: Tuomion luolasto on hengenvaarallinen. Etene hitaasti ja harkiten. Kuuntele ja k\u00e4yt\u00e4 aivonystyr\u00f6it\u00e4si. Muista ett\u00e4 olet luolassa etsim\u00e4ss\u00e4 aarteita, et tappamassa vihollisia. Kierr\u00e4 vaaralliset viholliset. Juokse karkuun jos siihen on tarvetta. \u00c4l\u00e4 koske mihink\u00e4\u00e4n v\u00e4h\u00e4nk\u00e4\u00e4n ep\u00e4ilytt\u00e4v\u00e4\u00e4n. Jos v\u00e4ltt\u00e4m\u00e4tt\u00e4 joudut koskemaan ep\u00e4ilytt\u00e4viin esineisiin, k\u00e4yt\u00e4 mieluiten 10 jalan keppi\u00e4. Pid\u00e4 aina mukana hyvin s\u00e4ilyv\u00e4\u00e4&hellip; <a class=\"more-link\" href=\"https:\/\/iimu.kapsi.fi\/limunropellukset\/sample-page\/uplaidoksen-ohjenuoria-cocemattomille-seikkailijoille\">Continue reading <span class=\"screen-reader-text\">Uplaidoksen ohjenuoria cocemattomille seikkailijoille<\/span><\/a><\/p>\n","protected":false},"author":1,"featured_media":0,"parent":2,"menu_order":0,"comment_status":"open","ping_status":"open","template":"","meta":[],"_links":{"self":[{"href":"https:\/\/iimu.kapsi.fi\/limunropellukset\/wp-json\/wp\/v2\/pages\/308"}],"collection":[{"href":"https:\/\/iimu.kapsi.fi\/limunropellukset\/wp-json\/wp\/v2\/pages"}],"about":[{"href":"https:\/\/iimu.kapsi.fi\/limunropellukset\/wp-json\/wp\/v2\/types\/page"}],"author":[{"embeddable":true,"href":"https:\/\/iimu.kapsi.fi\/limunropellukset\/wp-json\/wp\/v2\/users\/1"}],"replies":[{"embeddable":true,"href":"https:\/\/iimu.kapsi.fi\/limunropellukset\/wp-json\/wp\/v2\/comments?post=308"}],"version-history":[{"count":2,"href":"https:\/\/iimu.kapsi.fi\/limunropellukset\/wp-json\/wp\/v2\/pages\/308\/revisions"}],"predecessor-version":[{"id":870,"href":"https:\/\/iimu.kapsi.fi\/limunropellukset\/wp-json\/wp\/v2\/pages\/308\/revisions\/870"}],"up":[{"embeddable":true,"href":"https:\/\/iimu.kapsi.fi\/limunropellukset\/wp-json\/wp\/v2\/pages\/2"}],"wp:attachment":[{"href":"https:\/\/iimu.kapsi.fi\/limunropellukset\/wp-json\/wp\/v2\/media?parent=308"}],"curies":[{"name":"wp","href":"https:\/\/api.w.org\/{rel}","templated":true}]}}